{"id":3272,"date":"2024-07-12T11:49:36","date_gmt":"2024-07-12T09:49:36","guid":{"rendered":"https:\/\/travelabspain.com\/destinations\/villes-espagne\/madrid\/"},"modified":"2024-10-31T09:59:15","modified_gmt":"2024-10-31T08:59:15","slug":"madrid","status":"publish","type":"page","link":"https:\/\/travelabspain.com\/fr\/destinations\/villes-espagne\/madrid\/","title":{"rendered":"Madrid"},"content":{"rendered":"<p><div class=\"fusion-fullwidth fullwidth-box fusion-builder-row-1 fusion-flex-container has-pattern-background has-mask-background nonhundred-percent-fullwidth non-hundred-percent-height-scrolling fusion-no-small-visibility fusion-sticky-container\" style=\"--awb-background-position:left top;--awb-border-sizes-top:0px;--awb-border-sizes-bottom:0px;--awb-border-sizes-left:0px;--awb-border-sizes-right:0px;--awb-border-radius-top-left:0px;--awb-border-radius-top-right:0px;--awb-border-radius-bottom-right:0px;--awb-border-radius-bottom-left:0px;--awb-margin-top:0px;--awb-margin-bottom:0px;--awb-sticky-background-color:#2e2f32 !important;--awb-flex-wrap:wrap;\" id=\"containerMenuAfterImage\" data-transition-offset=\"0\" data-sticky-offset=\"119px\" data-scroll-offset=\"0\" data-sticky-small-visibility=\"1\" data-sticky-medium-visibility=\"1\" data-sticky-large-visibility=\"1\" ><div class=\"fusion-builder-row fusion-row fusion-flex-align-items-center fusion-flex-justify-content-space-evenly fusion-flex-content-wrap\" style=\"max-width:calc( 1200px + 0px );margin-left: calc(-0px \/ 2 );margin-right: calc(-0px \/ 2 );\"><div class=\"fusion-layout-column fusion_builder_column fusion-builder-column-0 fusion_builder_column_1_1 1_1 fusion-flex-column\" style=\"--awb-bg-size:cover;--awb-width-large:100%;--awb-margin-top-large:0px;--awb-spacing-right-large:0px;--awb-margin-bottom-large:0px;--awb-spacing-left-large:0px;--awb-width-medium:100%;--awb-order-medium:0;--awb-spacing-right-medium:0px;--awb-spacing-left-medium:0px;--awb-width-small:100%;--awb-order-small:0;--awb-spacing-right-small:0px;--awb-margin-bottom-small:20px;--awb-spacing-left-small:0px;\"><div class=\"fusion-column-wrapper fusion-column-has-shadow fusion-flex-justify-content-flex-start fusion-content-layout-column\"><nav class=\"awb-menu awb-menu_row awb-menu_em-hover mobile-mode-collapse-to-button awb-menu_icons-left awb-menu_dc-yes mobile-trigger-fullwidth-off awb-menu_mobile-toggle awb-menu_indent-left mobile-size-full-absolute loading mega-menu-loading awb-menu_desktop awb-menu_dropdown awb-menu_expand-right awb-menu_transition-fade fusion-no-small-visibility\" style=\"--awb-line-height:40px;--awb-margin-top:20px;--awb-margin-bottom:20px;--awb-text-transform:uppercase;--awb-align-items:center;--awb-justify-content:space-between;--awb-items-padding-top:10px;--awb-items-padding-right:25px;--awb-items-padding-bottom:10px;--awb-items-padding-left:25px;--awb-border-color:#ffffff;--awb-border-top:1px;--awb-border-right:1px;--awb-border-bottom:1px;--awb-border-left:1px;--awb-color:#ffffff;--awb-active-color:#ffffff;--awb-active-bg:#0074ff;--awb-active-border-top:1px;--awb-active-border-right:1px;--awb-active-border-bottom:1px;--awb-active-border-left:1px;--awb-active-border-color:#ffffff;--awb-submenu-items-padding-top:10px;--awb-submenu-items-padding-right:25px;--awb-submenu-items-padding-bottom:10px;--awb-submenu-items-padding-left:25px;--awb-submenu-active-color:#c62471;--awb-submenu-font-size:16px;--awb-submenu-text-transform:uppercase;--awb-submenu-line-height:40px;--awb-icons-color:#ffffff;--awb-icons-hover-color:#ffffff;--awb-main-justify-content:flex-start;--awb-justify-title:flex-start;--awb-mobile-justify:flex-start;--awb-mobile-caret-left:auto;--awb-mobile-caret-right:0;--awb-fusion-font-family-typography:&quot;Raleway&quot;;--awb-fusion-font-style-typography:normal;--awb-fusion-font-weight-typography:600;--awb-fusion-font-family-submenu-typography:&quot;Raleway&quot;;--awb-fusion-font-style-submenu-typography:normal;--awb-fusion-font-weight-submenu-typography:600;--awb-fusion-font-family-mobile-typography:inherit;--awb-fusion-font-style-mobile-typography:normal;--awb-fusion-font-weight-mobile-typography:400;\" aria-label=\"menu travelabspain\" data-breakpoint=\"1024\" data-count=\"0\" data-transition-type=\"fade\" data-transition-time=\"300\" data-expand=\"right\" id=\"menuAfterImage\"><button type=\"button\" class=\"awb-menu__m-toggle awb-menu__m-toggle_no-text\" aria-expanded=\"false\" aria-controls=\"menu-menu-travelabspain\"><span class=\"awb-menu__m-toggle-inner\"><span class=\"collapsed-nav-text\"><span class=\"screen-reader-text\">Toggle Navigation<\/span><\/span><span class=\"awb-menu__m-collapse-icon awb-menu__m-collapse-icon_no-text\"><span class=\"awb-menu__m-collapse-icon-open awb-menu__m-collapse-icon-open_no-text fa-bars fas\"><\/span><span class=\"awb-menu__m-collapse-icon-close awb-menu__m-collapse-icon-close_no-text fa-times fas\"><\/span><\/span><\/span><\/button><ul id=\"menu-menu-travelabspain\" class=\"fusion-menu awb-menu__main-ul awb-menu__main-ul_row\"><li  id=\"menu-item-2323\"  class=\"menu-item menu-item-type-post_type menu-item-object-page menu-item-home menu-item-2323 awb-menu__li awb-menu__main-li awb-menu__main-li_regular\"  data-item-id=\"2323\"><span class=\"awb-menu__main-background-default awb-menu__main-background-default_fade\"><\/span><span class=\"awb-menu__main-background-active awb-menu__main-background-active_fade\"><\/span><a  href=\"https:\/\/travelabspain.com\/home\/\" class=\"awb-menu__main-a awb-menu__main-a_regular\"><span class=\"menu-text\">Home<\/span><\/a><\/li><li  id=\"menu-item-2309\"  class=\"menu-item menu-item-type-post_type menu-item-object-page menu-item-2309 awb-menu__li awb-menu__main-li awb-menu__main-li_regular\"  data-item-id=\"2309\"><span class=\"awb-menu__main-background-default awb-menu__main-background-default_fade\"><\/span><span class=\"awb-menu__main-background-active awb-menu__main-background-active_fade\"><\/span><a  href=\"https:\/\/travelabspain.com\/servicios\/\" class=\"awb-menu__main-a awb-menu__main-a_regular\"><span class=\"menu-text\">Services<\/span><\/a><\/li><li  id=\"menu-item-2310\"  class=\"menu-item menu-item-type-post_type menu-item-object-page menu-item-2310 awb-menu__li awb-menu__main-li awb-menu__main-li_regular\"  data-item-id=\"2310\"><span class=\"awb-menu__main-background-default awb-menu__main-background-default_fade\"><\/span><span class=\"awb-menu__main-background-active awb-menu__main-background-active_fade\"><\/span><a  href=\"https:\/\/travelabspain.com\/destinos\/\" class=\"awb-menu__main-a awb-menu__main-a_regular\"><span class=\"menu-text\">Destinations<\/span><\/a><\/li><li  id=\"menu-item-2801\"  class=\"nuestro-producto menu-item menu-item-type-post_type menu-item-object-page menu-item-2801 awb-menu__li awb-menu__main-li awb-menu__main-li_regular\"  data-classes=\"nuestro-producto\" data-item-id=\"2801\"><span class=\"awb-menu__main-background-default awb-menu__main-background-default_fade\"><\/span><span class=\"awb-menu__main-background-active awb-menu__main-background-active_fade\"><\/span><a  href=\"https:\/\/travelabspain.com\/nuestro-producto\/\" class=\"awb-menu__main-a awb-menu__main-a_regular\"><span class=\"menu-text\">Notre produit<\/span><\/a><\/li><li  id=\"menu-item-2312\"  class=\"nosotros menu-item menu-item-type-post_type menu-item-object-page menu-item-2312 awb-menu__li awb-menu__main-li awb-menu__main-li_regular\"  data-classes=\"nosotros\" data-item-id=\"2312\"><span class=\"awb-menu__main-background-default awb-menu__main-background-default_fade\"><\/span><span class=\"awb-menu__main-background-active awb-menu__main-background-active_fade\"><\/span><a  href=\"https:\/\/travelabspain.com\/nosotros\/\" class=\"awb-menu__main-a awb-menu__main-a_regular\"><span class=\"menu-text\">\u00c0 propos de nous<\/span><\/a><\/li><li  id=\"menu-item-2313\"  class=\"menu-item menu-item-type-post_type menu-item-object-page menu-item-2313 awb-menu__li awb-menu__main-li awb-menu__main-li_regular\"  data-item-id=\"2313\"><span class=\"awb-menu__main-background-default awb-menu__main-background-default_fade\"><\/span><span class=\"awb-menu__main-background-active awb-menu__main-background-active_fade\"><\/span><a  href=\"https:\/\/travelabspain.com\/contacto\/\" class=\"awb-menu__main-a awb-menu__main-a_regular\"><span class=\"menu-text\">Contact<\/span><\/a><\/li><\/ul><\/nav><\/div><\/div><\/div><\/div>\n<div class=\"fusion-fullwidth fullwidth-box fusion-builder-row-2 fusion-flex-container has-pattern-background has-mask-background nonhundred-percent-fullwidth non-hundred-percent-height-scrolling\" style=\"--awb-border-radius-top-left:0px;--awb-border-radius-top-right:0px;--awb-border-radius-bottom-right:0px;--awb-border-radius-bottom-left:0px;--awb-flex-wrap:wrap;\" ><div class=\"fusion-builder-row fusion-row fusion-flex-align-items-flex-start fusion-flex-content-wrap\" style=\"max-width:1248px;margin-left: calc(-4% \/ 2 );margin-right: calc(-4% \/ 2 );\"><div class=\"fusion-layout-column fusion_builder_column fusion-builder-column-1 fusion_builder_column_1_1 1_1 fusion-flex-column\" style=\"--awb-bg-size:cover;--awb-width-large:100%;--awb-margin-top-large:0px;--awb-spacing-right-large:1.92%;--awb-margin-bottom-large:50px;--awb-spacing-left-large:1.92%;--awb-width-medium:100%;--awb-order-medium:0;--awb-spacing-right-medium:1.92%;--awb-spacing-left-medium:1.92%;--awb-width-small:100%;--awb-order-small:0;--awb-spacing-right-small:1.92%;--awb-spacing-left-small:1.92%;\"><div class=\"fusion-column-wrapper fusion-column-has-shadow fusion-flex-justify-content-flex-start fusion-content-layout-column\"><nav class=\"fusion-breadcrumbs awb-yoast-breadcrumbs fusion-breadcrumbs-1\" style=\"--awb-breadcrumb-sep:&#039;\/&#039;;\" aria-label=\"Breadcrumb\"><span><span><a href=\"https:\/\/travelabspain.com\/fr\/\">Home<\/a><\/span><\/span><\/nav><div class=\"fusion-title title fusion-title-1 fusion-sep-none fusion-title-center fusion-title-text fusion-title-size-one\" style=\"--awb-text-color:#0074ff;--awb-margin-top:40px;\"><h1 class=\"fusion-title-heading title-heading-center fusion-responsive-typography-calculated\" style=\"margin:0;text-transform:uppercase;--fontSize:35;line-height:1.75;\"><strong>MADRID<\/strong><\/h1><\/div><a class=\"fbp-embed\" style=\"max-width: 100%;\" href=\"\/wp-content\/uploads\/flippingBook\/Destinos\/Espana\/Ciudades\/Madrid FR\" data-fbp-ratio=\"256:135\" data-fbp-lightbox=\"no\" data-fbp-width=\"100%\" data-fbp-height=\"auto\">Albert Bolea - Portfolio M\u00e1ster Fotograf\u00eda Publicitaria<\/a>\n<script async defer src=\"\/wp-content\/uploads\/flippingBook\/Destinos\/Espana\/Ciudades\/Madrid FR\/files\/html\/static\/embed.js\"><\/script>\n\n<div class=\"fusion-text fusion-text-1\" style=\"--awb-text-color:#ffffff;\"><p>Bienvenue \u00e0 Madrid, le c\u0153ur battant de l&rsquo;Espagne, o\u00f9 le pass\u00e9 danse avec le pr\u00e9sent et o\u00f9 chaque coin de rue murmure des histoires de grandeur et de passion. Nich\u00e9e au c\u0153ur de la p\u00e9ninsule ib\u00e9rique, Madrid enchante les visiteurs par son \u00e9nergie vibrante, sa riche histoire et son \u00e9ventail infini de tr\u00e9sors culturels, promettant un voyage inoubliable dans l&rsquo;\u00e2me de l&rsquo;Espagne.<\/p>\n<p>Madrid vibre au rythme de la modernit\u00e9, o\u00f9 les gratte-ciel \u00e9l\u00e9gants s&rsquo;harmonisent avec les monuments vieux de plusieurs si\u00e8cles et o\u00f9 les places anim\u00e9es regorgent de vie \u00e0 toute heure. Son style cosmopolite et son esprit dynamique attirent des visiteurs du monde entier, d\u00e9sireux de s&rsquo;immerger dans sa sc\u00e8ne culturelle vibrante, ses d\u00e9lices culinaires et son hospitalit\u00e9 chaleureuse.<\/p>\n<p><strong>Histoire<\/strong><\/p>\n<p>Autrefois une humble forteresse perch\u00e9e au sommet d&rsquo;une colline aride, Madrid est devenue une m\u00e9tropole royale, ancr\u00e9e dans des si\u00e8cles d&rsquo;histoire et de patrimoine. De ses origines royales en tant que capitale de l&rsquo;Empire espagnol \u00e0 son voyage tumultueux \u00e0 travers les guerres et les r\u00e9volutions, la ville est devenue un phare de r\u00e9silience et de vitalit\u00e9, ses rues orn\u00e9es des \u00e9chos d&rsquo;\u00e9poques r\u00e9volues et des murmures de personnages l\u00e9gendaires.<\/p>\n<p><strong>Visites incontournables<\/strong><\/p>\n<p><strong>Mus\u00e9e du Prado\u00a0:<\/strong> entrez dans un monde de ma\u00eetrise artistique au mus\u00e9e du Prado, o\u00f9 les \u0153uvres de ma\u00eetres espagnols tels que Vel\u00e1zquez, Goya et El Greco ornent les murs, aux c\u00f4t\u00e9s de tr\u00e9sors de toute l&rsquo;Europe. Perdez-vous dans les coups de pinceau du g\u00e9nie en vous promenant dans des salles regorgeant de chefs-d&rsquo;\u0153uvre intemporels et d\u00e9couvrez l&rsquo;\u00e2me de l&rsquo;art espagnol.<\/p>\n<p><strong>Parc du Retiro\u00a0:<\/strong> \u00e9chappez \u00e0 l&rsquo;agitation de la ville et trouvez la tranquillit\u00e9 au milieu de la verdure luxuriante du parc du Retiro. Promenez-vous le long des sentiers bord\u00e9s d&rsquo;arbres, admirez les fontaines majestueuses et pagayez sur les eaux sereines de son lac central. Des promenades romantiques en bateau aux jardins cach\u00e9s et \u00e9v\u00e9nements culturels, le parc du Retiro offre une oasis de paix au c\u0153ur de Madrid.<\/p>\n<p><strong>Puerta del Sol\u00a0:<\/strong> placez-vous au c\u0153ur symbolique de Madrid et impr\u00e9gnez-vous de l&rsquo;\u00e9nergie vibrante de la Puerta del Sol, o\u00f9 le pass\u00e9 et le pr\u00e9sent convergent dans un tourbillon d&rsquo;activit\u00e9s. \u00c9merveillez-vous devant l&rsquo;enseigne embl\u00e9matique de Tio Pepe, admirez la grandeur du bureau de poste royal et rejoignez la foule pour c\u00e9l\u00e9brer le r\u00e9veillon du Nouvel An devant la c\u00e9l\u00e8bre tour de l&rsquo;horloge. Des monuments historiques aux boutiques et caf\u00e9s anim\u00e9s, la Puerta del Sol est une destination incontournable pour tous les voyageurs.<\/p>\n<p><strong>Cuisine locale<\/strong><\/p>\n<p>\u00c0 Madrid, c&rsquo;est une exp\u00e9rience \u00e0 savourer et \u00e0 ch\u00e9rir. Faites plaisir \u00e0 vos papilles avec les saveurs de la cuisine espagnole traditionnelle, du copieux cocido madrile\u00f1o (rago\u00fbt \u00e0 la madril\u00e8ne) au succulent jam\u00f3n ib\u00e9rico et aux churros croustillants tremp\u00e9s dans un riche chocolat. Explorez les march\u00e9s anim\u00e9s du Mercado de San Miguel et du Mercado de San Ant\u00f3n, o\u00f9 les ar\u00f4mes se m\u00e9langent et les couleurs \u00e9blouissent, offrant un r\u00e9gal pour les sens.<\/p>\n<p><strong>Culture<\/strong><\/p>\n<p>Plongez dans la sc\u00e8ne culturelle dynamique de Madrid, o\u00f9 les rythmes du flamenco et les festivals anim\u00e9s enflamment les rues avec passion et enthousiasme. Des salles \u00e9l\u00e9gantes du Palais Royal au charme boh\u00e8me de Lavapi\u00e9s, les quartiers de la ville regorgent de galeries d&rsquo;art, de th\u00e9\u00e2tres et de salles de concert, invitant les visiteurs \u00e0 d\u00e9couvrir la beaut\u00e9 \u00e9mouvante de la culture espagnole.<\/p>\n<p>\u00c0 Madrid, chaque instant est une aventure, chaque recoin une d\u00e9couverte et chaque rencontre une c\u00e9l\u00e9bration de la vie. Car au c\u0153ur de l\u2019Espagne, au milieu du plaisir et des rires, se trouve une ville pas comme les autres \u2013 Madrid dit toujours \u00ab Hasta Luego \u00bb<\/p>\n<\/div><\/div><\/div><\/div><\/div><\/p>\n","protected":false},"excerpt":{"rendered":"","protected":false},"author":6,"featured_media":0,"parent":3261,"menu_order":0,"comment_status":"closed","ping_status":"closed","template":"","meta":{"_themeisle_gutenberg_block_has_review":false,"footnotes":""},"class_list":["post-3272","page","type-page","status-publish","hentry"],"yoast_head":"<!-- This site is optimized with the Yoast SEO plugin v27.5 - https:\/\/yoast.com\/product\/yoast-seo-wordpress\/ -->\n<title>Madrid - Travelabspain<\/title>\n<meta name=\"robots\" content=\"index, follow, max-snippet:-1, max-image-preview:large, max-video-preview:-1\" \/>\n<link rel=\"canonical\" href=\"https:\/\/travelabspain.com\/fr\/destinations\/villes-espagne\/madrid\/\" \/>\n<meta property=\"og:locale\" content=\"fr_FR\" \/>\n<meta property=\"og:type\" content=\"article\" \/>\n<meta property=\"og:title\" content=\"Madrid - Travelabspain\" \/>\n<meta property=\"og:url\" content=\"https:\/\/travelabspain.com\/fr\/destinations\/villes-espagne\/madrid\/\" \/>\n<meta property=\"og:site_name\" content=\"Travelabspain\" \/>\n<meta property=\"article:publisher\" content=\"https:\/\/www.facebook.com\/AlshotPhotography\/\" \/>\n<meta property=\"article:modified_time\" content=\"2024-10-31T08:59:15+00:00\" \/>\n<meta name=\"twitter:card\" content=\"summary_large_image\" \/>\n<script type=\"application\/ld+json\" class=\"yoast-schema-graph\">{\"@context\":\"https:\\\/\\\/schema.org\",\"@graph\":[{\"@type\":\"WebPage\",\"@id\":\"https:\\\/\\\/travelabspain.com\\\/fr\\\/destinations\\\/villes-espagne\\\/madrid\\\/\",\"url\":\"https:\\\/\\\/travelabspain.com\\\/fr\\\/destinations\\\/villes-espagne\\\/madrid\\\/\",\"name\":\"Madrid - Travelabspain\",\"isPartOf\":{\"@id\":\"https:\\\/\\\/travelabspain.com\\\/#website\"},\"datePublished\":\"2024-07-12T09:49:36+00:00\",\"dateModified\":\"2024-10-31T08:59:15+00:00\",\"breadcrumb\":{\"@id\":\"https:\\\/\\\/travelabspain.com\\\/fr\\\/destinations\\\/villes-espagne\\\/madrid\\\/#breadcrumb\"},\"inLanguage\":\"fr-FR\",\"potentialAction\":[{\"@type\":\"ReadAction\",\"target\":[\"https:\\\/\\\/travelabspain.com\\\/fr\\\/destinations\\\/villes-espagne\\\/madrid\\\/\"]}]},{\"@type\":\"BreadcrumbList\",\"@id\":\"https:\\\/\\\/travelabspain.com\\\/fr\\\/destinations\\\/villes-espagne\\\/madrid\\\/#breadcrumb\",\"itemListElement\":[{\"@type\":\"ListItem\",\"position\":1,\"name\":\"Home\",\"item\":\"https:\\\/\\\/travelabspain.com\\\/fr\\\/\"},{\"@type\":\"ListItem\",\"position\":2,\"name\":\"Destinations\",\"item\":\"https:\\\/\\\/travelabspain.com\\\/fr\\\/destinations\\\/\"},{\"@type\":\"ListItem\",\"position\":3,\"name\":\"Villes Espagne\",\"item\":\"https:\\\/\\\/travelabspain.com\\\/fr\\\/destinations\\\/villes-espagne\\\/\"},{\"@type\":\"ListItem\",\"position\":4,\"name\":\"Madrid\"}]},{\"@type\":\"WebSite\",\"@id\":\"https:\\\/\\\/travelabspain.com\\\/#website\",\"url\":\"https:\\\/\\\/travelabspain.com\\\/\",\"name\":\"Travelabspain\",\"description\":\"\",\"publisher\":{\"@id\":\"https:\\\/\\\/travelabspain.com\\\/#organization\"},\"potentialAction\":[{\"@type\":\"SearchAction\",\"target\":{\"@type\":\"EntryPoint\",\"urlTemplate\":\"https:\\\/\\\/travelabspain.com\\\/?s={search_term_string}\"},\"query-input\":{\"@type\":\"PropertyValueSpecification\",\"valueRequired\":true,\"valueName\":\"search_term_string\"}}],\"inLanguage\":\"fr-FR\"},{\"@type\":\"Organization\",\"@id\":\"https:\\\/\\\/travelabspain.com\\\/#organization\",\"name\":\"Travelabspain\",\"url\":\"https:\\\/\\\/travelabspain.com\\\/\",\"logo\":{\"@type\":\"ImageObject\",\"inLanguage\":\"fr-FR\",\"@id\":\"https:\\\/\\\/travelabspain.com\\\/#\\\/schema\\\/logo\\\/image\\\/\",\"url\":\"\",\"contentUrl\":\"\",\"caption\":\"Travelabspain\"},\"image\":{\"@id\":\"https:\\\/\\\/travelabspain.com\\\/#\\\/schema\\\/logo\\\/image\\\/\"},\"sameAs\":[\"https:\\\/\\\/www.facebook.com\\\/AlshotPhotography\\\/\",\"https:\\\/\\\/www.instagram.com\\\/alshotphotography\\\/\"]}]}<\/script>\n<!-- \/ Yoast SEO plugin. -->","yoast_head_json":{"title":"Madrid - Travelabspain","robots":{"index":"index","follow":"follow","max-snippet":"max-snippet:-1","max-image-preview":"max-image-preview:large","max-video-preview":"max-video-preview:-1"},"canonical":"https:\/\/travelabspain.com\/fr\/destinations\/villes-espagne\/madrid\/","og_locale":"fr_FR","og_type":"article","og_title":"Madrid - Travelabspain","og_url":"https:\/\/travelabspain.com\/fr\/destinations\/villes-espagne\/madrid\/","og_site_name":"Travelabspain","article_publisher":"https:\/\/www.facebook.com\/AlshotPhotography\/","article_modified_time":"2024-10-31T08:59:15+00:00","twitter_card":"summary_large_image","schema":{"@context":"https:\/\/schema.org","@graph":[{"@type":"WebPage","@id":"https:\/\/travelabspain.com\/fr\/destinations\/villes-espagne\/madrid\/","url":"https:\/\/travelabspain.com\/fr\/destinations\/villes-espagne\/madrid\/","name":"Madrid - Travelabspain","isPartOf":{"@id":"https:\/\/travelabspain.com\/#website"},"datePublished":"2024-07-12T09:49:36+00:00","dateModified":"2024-10-31T08:59:15+00:00","breadcrumb":{"@id":"https:\/\/travelabspain.com\/fr\/destinations\/villes-espagne\/madrid\/#breadcrumb"},"inLanguage":"fr-FR","potentialAction":[{"@type":"ReadAction","target":["https:\/\/travelabspain.com\/fr\/destinations\/villes-espagne\/madrid\/"]}]},{"@type":"BreadcrumbList","@id":"https:\/\/travelabspain.com\/fr\/destinations\/villes-espagne\/madrid\/#breadcrumb","itemListElement":[{"@type":"ListItem","position":1,"name":"Home","item":"https:\/\/travelabspain.com\/fr\/"},{"@type":"ListItem","position":2,"name":"Destinations","item":"https:\/\/travelabspain.com\/fr\/destinations\/"},{"@type":"ListItem","position":3,"name":"Villes Espagne","item":"https:\/\/travelabspain.com\/fr\/destinations\/villes-espagne\/"},{"@type":"ListItem","position":4,"name":"Madrid"}]},{"@type":"WebSite","@id":"https:\/\/travelabspain.com\/#website","url":"https:\/\/travelabspain.com\/","name":"Travelabspain","description":"","publisher":{"@id":"https:\/\/travelabspain.com\/#organization"},"potentialAction":[{"@type":"SearchAction","target":{"@type":"EntryPoint","urlTemplate":"https:\/\/travelabspain.com\/?s={search_term_string}"},"query-input":{"@type":"PropertyValueSpecification","valueRequired":true,"valueName":"search_term_string"}}],"inLanguage":"fr-FR"},{"@type":"Organization","@id":"https:\/\/travelabspain.com\/#organization","name":"Travelabspain","url":"https:\/\/travelabspain.com\/","logo":{"@type":"ImageObject","inLanguage":"fr-FR","@id":"https:\/\/travelabspain.com\/#\/schema\/logo\/image\/","url":"","contentUrl":"","caption":"Travelabspain"},"image":{"@id":"https:\/\/travelabspain.com\/#\/schema\/logo\/image\/"},"sameAs":["https:\/\/www.facebook.com\/AlshotPhotography\/","https:\/\/www.instagram.com\/alshotphotography\/"]}]}},"_links":{"self":[{"href":"https:\/\/travelabspain.com\/fr\/wp-json\/wp\/v2\/pages\/3272","targetHints":{"allow":["GET"]}}],"collection":[{"href":"https:\/\/travelabspain.com\/fr\/wp-json\/wp\/v2\/pages"}],"about":[{"href":"https:\/\/travelabspain.com\/fr\/wp-json\/wp\/v2\/types\/page"}],"author":[{"embeddable":true,"href":"https:\/\/travelabspain.com\/fr\/wp-json\/wp\/v2\/users\/6"}],"replies":[{"embeddable":true,"href":"https:\/\/travelabspain.com\/fr\/wp-json\/wp\/v2\/comments?post=3272"}],"version-history":[{"count":2,"href":"https:\/\/travelabspain.com\/fr\/wp-json\/wp\/v2\/pages\/3272\/revisions"}],"predecessor-version":[{"id":3274,"href":"https:\/\/travelabspain.com\/fr\/wp-json\/wp\/v2\/pages\/3272\/revisions\/3274"}],"up":[{"embeddable":true,"href":"https:\/\/travelabspain.com\/fr\/wp-json\/wp\/v2\/pages\/3261"}],"wp:attachment":[{"href":"https:\/\/travelabspain.com\/fr\/wp-json\/wp\/v2\/media?parent=3272"}],"curies":[{"name":"wp","href":"https:\/\/api.w.org\/{rel}","templated":true}]}}