{"id":3318,"date":"2024-08-09T13:57:00","date_gmt":"2024-08-09T11:57:00","guid":{"rendered":"https:\/\/travelabspain.com\/destinations\/baleares\/formentera\/"},"modified":"2024-10-31T11:15:45","modified_gmt":"2024-10-31T10:15:45","slug":"formentera","status":"publish","type":"page","link":"https:\/\/travelabspain.com\/fr\/destinations\/baleares\/formentera\/","title":{"rendered":"Formentera"},"content":{"rendered":"<p><div class=\"fusion-fullwidth fullwidth-box fusion-builder-row-1 fusion-flex-container has-pattern-background has-mask-background nonhundred-percent-fullwidth non-hundred-percent-height-scrolling fusion-no-small-visibility fusion-sticky-container\" style=\"--awb-background-position:left top;--awb-border-sizes-top:0px;--awb-border-sizes-bottom:0px;--awb-border-sizes-left:0px;--awb-border-sizes-right:0px;--awb-border-radius-top-left:0px;--awb-border-radius-top-right:0px;--awb-border-radius-bottom-right:0px;--awb-border-radius-bottom-left:0px;--awb-margin-top:0px;--awb-margin-bottom:0px;--awb-sticky-background-color:#2e2f32 !important;--awb-flex-wrap:wrap;\" id=\"containerMenuAfterImage\" data-transition-offset=\"0\" data-sticky-offset=\"119px\" data-scroll-offset=\"0\" data-sticky-small-visibility=\"1\" data-sticky-medium-visibility=\"1\" data-sticky-large-visibility=\"1\" ><div class=\"fusion-builder-row fusion-row fusion-flex-align-items-center fusion-flex-justify-content-space-evenly fusion-flex-content-wrap\" style=\"max-width:calc( 1200px + 0px );margin-left: calc(-0px \/ 2 );margin-right: calc(-0px \/ 2 );\"><div class=\"fusion-layout-column fusion_builder_column fusion-builder-column-0 fusion_builder_column_1_1 1_1 fusion-flex-column\" style=\"--awb-bg-size:cover;--awb-width-large:100%;--awb-margin-top-large:0px;--awb-spacing-right-large:0px;--awb-margin-bottom-large:0px;--awb-spacing-left-large:0px;--awb-width-medium:100%;--awb-order-medium:0;--awb-spacing-right-medium:0px;--awb-spacing-left-medium:0px;--awb-width-small:100%;--awb-order-small:0;--awb-spacing-right-small:0px;--awb-margin-bottom-small:20px;--awb-spacing-left-small:0px;\"><div class=\"fusion-column-wrapper fusion-column-has-shadow fusion-flex-justify-content-flex-start fusion-content-layout-column\"><nav class=\"awb-menu awb-menu_row awb-menu_em-hover mobile-mode-collapse-to-button awb-menu_icons-left awb-menu_dc-yes mobile-trigger-fullwidth-off awb-menu_mobile-toggle awb-menu_indent-left mobile-size-full-absolute loading mega-menu-loading awb-menu_desktop awb-menu_dropdown awb-menu_expand-right awb-menu_transition-fade fusion-no-small-visibility\" style=\"--awb-line-height:40px;--awb-margin-top:20px;--awb-margin-bottom:20px;--awb-text-transform:uppercase;--awb-align-items:center;--awb-justify-content:space-between;--awb-items-padding-top:10px;--awb-items-padding-right:25px;--awb-items-padding-bottom:10px;--awb-items-padding-left:25px;--awb-border-color:#ffffff;--awb-border-top:1px;--awb-border-right:1px;--awb-border-bottom:1px;--awb-border-left:1px;--awb-color:#ffffff;--awb-active-color:#ffffff;--awb-active-bg:#0074ff;--awb-active-border-top:1px;--awb-active-border-right:1px;--awb-active-border-bottom:1px;--awb-active-border-left:1px;--awb-active-border-color:#ffffff;--awb-submenu-items-padding-top:10px;--awb-submenu-items-padding-right:25px;--awb-submenu-items-padding-bottom:10px;--awb-submenu-items-padding-left:25px;--awb-submenu-active-color:#c62471;--awb-submenu-font-size:16px;--awb-submenu-text-transform:uppercase;--awb-submenu-line-height:40px;--awb-icons-color:#ffffff;--awb-icons-hover-color:#ffffff;--awb-main-justify-content:flex-start;--awb-justify-title:flex-start;--awb-mobile-justify:flex-start;--awb-mobile-caret-left:auto;--awb-mobile-caret-right:0;--awb-fusion-font-family-typography:&quot;Raleway&quot;;--awb-fusion-font-style-typography:normal;--awb-fusion-font-weight-typography:600;--awb-fusion-font-family-submenu-typography:&quot;Raleway&quot;;--awb-fusion-font-style-submenu-typography:normal;--awb-fusion-font-weight-submenu-typography:600;--awb-fusion-font-family-mobile-typography:inherit;--awb-fusion-font-style-mobile-typography:normal;--awb-fusion-font-weight-mobile-typography:400;\" aria-label=\"menu travelabspain\" data-breakpoint=\"1024\" data-count=\"0\" data-transition-type=\"fade\" data-transition-time=\"300\" data-expand=\"right\" id=\"menuAfterImage\"><button type=\"button\" class=\"awb-menu__m-toggle awb-menu__m-toggle_no-text\" aria-expanded=\"false\" aria-controls=\"menu-menu-travelabspain\"><span class=\"awb-menu__m-toggle-inner\"><span class=\"collapsed-nav-text\"><span class=\"screen-reader-text\">Toggle Navigation<\/span><\/span><span class=\"awb-menu__m-collapse-icon awb-menu__m-collapse-icon_no-text\"><span class=\"awb-menu__m-collapse-icon-open awb-menu__m-collapse-icon-open_no-text fa-bars fas\"><\/span><span class=\"awb-menu__m-collapse-icon-close awb-menu__m-collapse-icon-close_no-text fa-times fas\"><\/span><\/span><\/span><\/button><ul id=\"menu-menu-travelabspain\" class=\"fusion-menu awb-menu__main-ul awb-menu__main-ul_row\"><li  id=\"menu-item-2323\"  class=\"menu-item menu-item-type-post_type menu-item-object-page menu-item-home menu-item-2323 awb-menu__li awb-menu__main-li awb-menu__main-li_regular\"  data-item-id=\"2323\"><span class=\"awb-menu__main-background-default awb-menu__main-background-default_fade\"><\/span><span class=\"awb-menu__main-background-active awb-menu__main-background-active_fade\"><\/span><a  href=\"https:\/\/travelabspain.com\/home\/\" class=\"awb-menu__main-a awb-menu__main-a_regular\"><span class=\"menu-text\">Home<\/span><\/a><\/li><li  id=\"menu-item-2309\"  class=\"menu-item menu-item-type-post_type menu-item-object-page menu-item-2309 awb-menu__li awb-menu__main-li awb-menu__main-li_regular\"  data-item-id=\"2309\"><span class=\"awb-menu__main-background-default awb-menu__main-background-default_fade\"><\/span><span class=\"awb-menu__main-background-active awb-menu__main-background-active_fade\"><\/span><a  href=\"https:\/\/travelabspain.com\/servicios\/\" class=\"awb-menu__main-a awb-menu__main-a_regular\"><span class=\"menu-text\">Services<\/span><\/a><\/li><li  id=\"menu-item-2310\"  class=\"menu-item menu-item-type-post_type menu-item-object-page menu-item-2310 awb-menu__li awb-menu__main-li awb-menu__main-li_regular\"  data-item-id=\"2310\"><span class=\"awb-menu__main-background-default awb-menu__main-background-default_fade\"><\/span><span class=\"awb-menu__main-background-active awb-menu__main-background-active_fade\"><\/span><a  href=\"https:\/\/travelabspain.com\/destinos\/\" class=\"awb-menu__main-a awb-menu__main-a_regular\"><span class=\"menu-text\">Destinations<\/span><\/a><\/li><li  id=\"menu-item-2801\"  class=\"nuestro-producto menu-item menu-item-type-post_type menu-item-object-page menu-item-2801 awb-menu__li awb-menu__main-li awb-menu__main-li_regular\"  data-classes=\"nuestro-producto\" data-item-id=\"2801\"><span class=\"awb-menu__main-background-default awb-menu__main-background-default_fade\"><\/span><span class=\"awb-menu__main-background-active awb-menu__main-background-active_fade\"><\/span><a  href=\"https:\/\/travelabspain.com\/nuestro-producto\/\" class=\"awb-menu__main-a awb-menu__main-a_regular\"><span class=\"menu-text\">Notre produit<\/span><\/a><\/li><li  id=\"menu-item-2312\"  class=\"nosotros menu-item menu-item-type-post_type menu-item-object-page menu-item-2312 awb-menu__li awb-menu__main-li awb-menu__main-li_regular\"  data-classes=\"nosotros\" data-item-id=\"2312\"><span class=\"awb-menu__main-background-default awb-menu__main-background-default_fade\"><\/span><span class=\"awb-menu__main-background-active awb-menu__main-background-active_fade\"><\/span><a  href=\"https:\/\/travelabspain.com\/nosotros\/\" class=\"awb-menu__main-a awb-menu__main-a_regular\"><span class=\"menu-text\">\u00c0 propos de nous<\/span><\/a><\/li><li  id=\"menu-item-2313\"  class=\"menu-item menu-item-type-post_type menu-item-object-page menu-item-2313 awb-menu__li awb-menu__main-li awb-menu__main-li_regular\"  data-item-id=\"2313\"><span class=\"awb-menu__main-background-default awb-menu__main-background-default_fade\"><\/span><span class=\"awb-menu__main-background-active awb-menu__main-background-active_fade\"><\/span><a  href=\"https:\/\/travelabspain.com\/contacto\/\" class=\"awb-menu__main-a awb-menu__main-a_regular\"><span class=\"menu-text\">Contact<\/span><\/a><\/li><\/ul><\/nav><\/div><\/div><\/div><\/div>\n<div class=\"fusion-fullwidth fullwidth-box fusion-builder-row-2 fusion-flex-container has-pattern-background has-mask-background nonhundred-percent-fullwidth non-hundred-percent-height-scrolling\" style=\"--awb-border-radius-top-left:0px;--awb-border-radius-top-right:0px;--awb-border-radius-bottom-right:0px;--awb-border-radius-bottom-left:0px;--awb-flex-wrap:wrap;\" ><div class=\"fusion-builder-row fusion-row fusion-flex-align-items-flex-start fusion-flex-content-wrap\" style=\"max-width:1248px;margin-left: calc(-4% \/ 2 );margin-right: calc(-4% \/ 2 );\"><div class=\"fusion-layout-column fusion_builder_column fusion-builder-column-1 fusion_builder_column_1_1 1_1 fusion-flex-column\" style=\"--awb-bg-size:cover;--awb-width-large:100%;--awb-margin-top-large:0px;--awb-spacing-right-large:1.92%;--awb-margin-bottom-large:50px;--awb-spacing-left-large:1.92%;--awb-width-medium:100%;--awb-order-medium:0;--awb-spacing-right-medium:1.92%;--awb-spacing-left-medium:1.92%;--awb-width-small:100%;--awb-order-small:0;--awb-spacing-right-small:1.92%;--awb-spacing-left-small:1.92%;\"><div class=\"fusion-column-wrapper fusion-column-has-shadow fusion-flex-justify-content-flex-start fusion-content-layout-column\"><nav class=\"fusion-breadcrumbs awb-yoast-breadcrumbs fusion-breadcrumbs-1\" style=\"--awb-breadcrumb-sep:&#039;\/&#039;;\" aria-label=\"Breadcrumb\"><span><span><a href=\"https:\/\/travelabspain.com\/fr\/\">Home<\/a><\/span><\/span><\/nav><div class=\"fusion-title title fusion-title-1 fusion-sep-none fusion-title-center fusion-title-text fusion-title-size-one\" style=\"--awb-text-color:#0074ff;--awb-margin-top:40px;\"><h1 class=\"fusion-title-heading title-heading-center fusion-responsive-typography-calculated\" style=\"margin:0;text-transform:uppercase;--fontSize:35;line-height:1.75;\"><strong>FORMENTERA<\/strong><\/h1><\/div><a href=\"\/wp-content\/uploads\/flippingBook\/Destinos\/Espana\/Baleares\/Formentera FR\/\" class=\"fbp-embed\" data-fbp-ratio=\"3:2\" data-fbp-lightbox=\"no\" data-fbp-width=\"100%\" data-fbp-height=\"auto\" style=\"max-width: 100%\">Formentera<\/a><script async defer src=\"\/wp-content\/uploads\/flippingBook\/Destinos\/Espana\/Baleares\/Formentera FR\/files\/html\/static\/embed.js\"><\/script><div class=\"fusion-text fusion-text-1\" style=\"--awb-text-color:#ffffff;\"><p>Bienvenue \u00e0 Formentera, un paradis tranquille nich\u00e9 dans les eaux cristallines de la mer M\u00e9diterran\u00e9e. Situ\u00e9e \u00e0 quelques minutes en ferry d&rsquo;Ibiza, Formentera est c\u00e9l\u00e8bre pour ses plages vierges, ses eaux transparentes et son ambiance d\u00e9tendue. Que vous recherchiez la d\u00e9tente, l\u2019aventure ou \u00e0 savourer la vie insulaire authentique, Formentera a quelque chose pour que chacun puisse en profiter.<\/p>\n<p>Aujourd&rsquo;hui, Formentera est un havre de paix o\u00f9 les visiteurs peuvent \u00e9chapper \u00e0 l&rsquo;agitation de la vie quotidienne et se plonger dans la beaut\u00e9 naturelle de l&rsquo;\u00eele. Avec ses plages immacul\u00e9es, ses eaux turquoise et ses for\u00eats de pins luxuriantes, Formentera offre le cadre id\u00e9al pour la d\u00e9tente et le ressourcement. Que vous vous reposiez sur le sable blanc de la plage de Ses Illetes, que vous exploriez la c\u00f4te sauvage \u00e0 v\u00e9lo ou que vous go\u00fbtiez des fruits de mer frais dans un restaurant en bord de mer, Formentera vous invite \u00e0 vous relaxer et \u00e0 vous reconnecter avec la beaut\u00e9 de la nature.<\/p>\n<p><span style=\"color: #0074ff;\"><strong>Histoire<\/strong><\/span><\/p>\n<p>L&rsquo;histoire de Formentera remonte \u00e0 des milliers d&rsquo;ann\u00e9es, avec des preuves d&rsquo;implantations humaines datant de la pr\u00e9histoire. Au fil des si\u00e8cles, Formentera a \u00e9t\u00e9 habit\u00e9e par diverses civilisations, notamment les Ph\u00e9niciens, les Carthaginois, les Romains et les Maures, chacune laissant son empreinte sur la culture et l&rsquo;architecture de l&rsquo;\u00eele. D\u00e9couvrez les anciennes tours de guet, les phares historiques et les villages blanchis \u00e0 la chaux qui pars\u00e8ment l&rsquo;\u00eele, et explorez les histoires fascinantes qui se cachent sous la surface de la riche histoire de Formentera.<\/p>\n<p><span style=\"color: #0074ff;\"><strong>Lieux incontournables<\/strong><\/span><\/p>\n<p><strong>Plage de Ses Illetes<\/strong>: d\u00e9tendez-vous sur le sable vierge de la plage de Ses Illetes, souvent consid\u00e9r\u00e9e comme l&rsquo;une des plus belles plages du monde. Avec ses eaux cristallines, ses lagons peu profonds et ses vues imprenables sur l\u2019\u00eele voisine d\u2019Ibiza, Ses Illetes est l&rsquo;endroit parfait pour bronzer, nager et faire de la plong\u00e9e avec tuba.<\/p>\n<p><strong>Es Cal\u00f3 de Sant Agust\u00ed<\/strong>: explorez le charmant village de p\u00eacheurs d\u2019Es Cal\u00f3 de Sant Agust\u00ed, o\u00f9 les maisons blanchies \u00e0 la chaux, les ruelles \u00e9troites et le port pittoresque cr\u00e9ent un cadre digne d&rsquo;une carte postale. D\u00e9gustez des fruits de mer frais dans l\u2019un des restaurants locaux, promenez-vous sur le front de mer et observez les bateaux de p\u00eache qui vont et viennent tandis que le soleil se couche \u00e0 l\u2019horizon.<\/p>\n<p><strong>Phare de La Mola<\/strong>: visitez le phare embl\u00e9matique de La Mola, perch\u00e9 au sommet d&rsquo;une falaise spectaculaire \u00e0 l&rsquo;extr\u00e9mit\u00e9 est de l&rsquo;\u00eele. Construit au XIXe si\u00e8cle pour guider les navires \u00e0 travers les eaux tra\u00eetresses de la M\u00e9diterran\u00e9e, La Mola offre des vues imprenables sur la c\u00f4te environnante et les \u00eeles voisines.<\/p>\n<p><span style=\"color: #0074ff;\"><strong>Gastronomie<\/strong><\/span><\/p>\n<p>\u00c0 Formentera, la gastronomie est pleine de saveurs m\u00e9diterran\u00e9ennes. D\u00e9gustez des sp\u00e9cialit\u00e9s locales telles que le bullit de peix (rago\u00fbt de poisson), la paella de fruits de mer et la greixonera (pudding traditionnel), accompagn\u00e9es d&rsquo;un verre de vin local ou d\u2019une liqueur d\u2019herbes rafra\u00eechissante. Et n\u2019oubliez pas de go\u00fbter les c\u00e9l\u00e8bres figues, amandes et l\u2019huile d\u2019olive de l\u2019\u00eele, cultiv\u00e9es et r\u00e9colt\u00e9es localement et utilis\u00e9es dans une vari\u00e9t\u00e9 de plats d\u00e9licieux.<\/p>\n<p><span style=\"color: #0074ff;\"><strong>Culture<\/strong><\/span><\/p>\n<p>Impr\u00e9gnez-vous de la culture d\u00e9tendue de Formentera, o\u00f9 la simplicit\u00e9, l\u2019authenticit\u00e9 et la connexion \u00e0 la nature sont les valeurs essentielles. Explorez la sc\u00e8ne artistique vibrante de l&rsquo;\u00eele, depuis l&rsquo;artisanat et la c\u00e9ramique traditionnels jusqu&rsquo;aux galeries et expositions contemporaines. Ne manquez pas non plus de d\u00e9couvrir les traditions musicales et dansantes uniques de l&rsquo;\u00eele, qui sont profond\u00e9ment enracin\u00e9es dans l&rsquo;histoire et le patrimoine de Formentera.<\/p>\n<p>\u00c0 Formentera, chaque instant est une opportunit\u00e9 de se connecter avec la beaut\u00e9 de la nature, la riche histoire et la culture de l&rsquo;\u00eele, et de vivre les plaisirs simples de la vie insulaire.<\/p>\n<\/div><\/div><\/div><\/div><\/div><\/p>\n","protected":false},"excerpt":{"rendered":"","protected":false},"author":6,"featured_media":0,"parent":3314,"menu_order":0,"comment_status":"closed","ping_status":"closed","template":"","meta":{"_themeisle_gutenberg_block_has_review":false,"footnotes":""},"class_list":["post-3318","page","type-page","status-publish","hentry"],"yoast_head":"<!-- This site is optimized with the Yoast SEO plugin v27.5 - https:\/\/yoast.com\/product\/yoast-seo-wordpress\/ -->\n<title>Formentera - Travelabspain<\/title>\n<meta name=\"robots\" content=\"index, follow, max-snippet:-1, max-image-preview:large, max-video-preview:-1\" \/>\n<link rel=\"canonical\" href=\"https:\/\/travelabspain.com\/fr\/destinations\/baleares\/formentera\/\" \/>\n<meta property=\"og:locale\" content=\"fr_FR\" \/>\n<meta property=\"og:type\" content=\"article\" \/>\n<meta property=\"og:title\" content=\"Formentera - Travelabspain\" \/>\n<meta property=\"og:url\" content=\"https:\/\/travelabspain.com\/fr\/destinations\/baleares\/formentera\/\" \/>\n<meta property=\"og:site_name\" content=\"Travelabspain\" \/>\n<meta property=\"article:publisher\" content=\"https:\/\/www.facebook.com\/AlshotPhotography\/\" \/>\n<meta property=\"article:modified_time\" content=\"2024-10-31T10:15:45+00:00\" \/>\n<meta name=\"twitter:card\" content=\"summary_large_image\" \/>\n<script type=\"application\/ld+json\" class=\"yoast-schema-graph\">{\"@context\":\"https:\\\/\\\/schema.org\",\"@graph\":[{\"@type\":\"WebPage\",\"@id\":\"https:\\\/\\\/travelabspain.com\\\/fr\\\/destinations\\\/baleares\\\/formentera\\\/\",\"url\":\"https:\\\/\\\/travelabspain.com\\\/fr\\\/destinations\\\/baleares\\\/formentera\\\/\",\"name\":\"Formentera - Travelabspain\",\"isPartOf\":{\"@id\":\"https:\\\/\\\/travelabspain.com\\\/#website\"},\"datePublished\":\"2024-08-09T11:57:00+00:00\",\"dateModified\":\"2024-10-31T10:15:45+00:00\",\"breadcrumb\":{\"@id\":\"https:\\\/\\\/travelabspain.com\\\/fr\\\/destinations\\\/baleares\\\/formentera\\\/#breadcrumb\"},\"inLanguage\":\"fr-FR\",\"potentialAction\":[{\"@type\":\"ReadAction\",\"target\":[\"https:\\\/\\\/travelabspain.com\\\/fr\\\/destinations\\\/baleares\\\/formentera\\\/\"]}]},{\"@type\":\"BreadcrumbList\",\"@id\":\"https:\\\/\\\/travelabspain.com\\\/fr\\\/destinations\\\/baleares\\\/formentera\\\/#breadcrumb\",\"itemListElement\":[{\"@type\":\"ListItem\",\"position\":1,\"name\":\"Home\",\"item\":\"https:\\\/\\\/travelabspain.com\\\/fr\\\/\"},{\"@type\":\"ListItem\",\"position\":2,\"name\":\"Destinations\",\"item\":\"https:\\\/\\\/travelabspain.com\\\/fr\\\/destinations\\\/\"},{\"@type\":\"ListItem\",\"position\":3,\"name\":\"Baleares\",\"item\":\"https:\\\/\\\/travelabspain.com\\\/fr\\\/destinations\\\/baleares\\\/\"},{\"@type\":\"ListItem\",\"position\":4,\"name\":\"Formentera\"}]},{\"@type\":\"WebSite\",\"@id\":\"https:\\\/\\\/travelabspain.com\\\/#website\",\"url\":\"https:\\\/\\\/travelabspain.com\\\/\",\"name\":\"Travelabspain\",\"description\":\"\",\"publisher\":{\"@id\":\"https:\\\/\\\/travelabspain.com\\\/#organization\"},\"potentialAction\":[{\"@type\":\"SearchAction\",\"target\":{\"@type\":\"EntryPoint\",\"urlTemplate\":\"https:\\\/\\\/travelabspain.com\\\/?s={search_term_string}\"},\"query-input\":{\"@type\":\"PropertyValueSpecification\",\"valueRequired\":true,\"valueName\":\"search_term_string\"}}],\"inLanguage\":\"fr-FR\"},{\"@type\":\"Organization\",\"@id\":\"https:\\\/\\\/travelabspain.com\\\/#organization\",\"name\":\"Travelabspain\",\"url\":\"https:\\\/\\\/travelabspain.com\\\/\",\"logo\":{\"@type\":\"ImageObject\",\"inLanguage\":\"fr-FR\",\"@id\":\"https:\\\/\\\/travelabspain.com\\\/#\\\/schema\\\/logo\\\/image\\\/\",\"url\":\"\",\"contentUrl\":\"\",\"caption\":\"Travelabspain\"},\"image\":{\"@id\":\"https:\\\/\\\/travelabspain.com\\\/#\\\/schema\\\/logo\\\/image\\\/\"},\"sameAs\":[\"https:\\\/\\\/www.facebook.com\\\/AlshotPhotography\\\/\",\"https:\\\/\\\/www.instagram.com\\\/alshotphotography\\\/\"]}]}<\/script>\n<!-- \/ Yoast SEO plugin. -->","yoast_head_json":{"title":"Formentera - Travelabspain","robots":{"index":"index","follow":"follow","max-snippet":"max-snippet:-1","max-image-preview":"max-image-preview:large","max-video-preview":"max-video-preview:-1"},"canonical":"https:\/\/travelabspain.com\/fr\/destinations\/baleares\/formentera\/","og_locale":"fr_FR","og_type":"article","og_title":"Formentera - Travelabspain","og_url":"https:\/\/travelabspain.com\/fr\/destinations\/baleares\/formentera\/","og_site_name":"Travelabspain","article_publisher":"https:\/\/www.facebook.com\/AlshotPhotography\/","article_modified_time":"2024-10-31T10:15:45+00:00","twitter_card":"summary_large_image","schema":{"@context":"https:\/\/schema.org","@graph":[{"@type":"WebPage","@id":"https:\/\/travelabspain.com\/fr\/destinations\/baleares\/formentera\/","url":"https:\/\/travelabspain.com\/fr\/destinations\/baleares\/formentera\/","name":"Formentera - Travelabspain","isPartOf":{"@id":"https:\/\/travelabspain.com\/#website"},"datePublished":"2024-08-09T11:57:00+00:00","dateModified":"2024-10-31T10:15:45+00:00","breadcrumb":{"@id":"https:\/\/travelabspain.com\/fr\/destinations\/baleares\/formentera\/#breadcrumb"},"inLanguage":"fr-FR","potentialAction":[{"@type":"ReadAction","target":["https:\/\/travelabspain.com\/fr\/destinations\/baleares\/formentera\/"]}]},{"@type":"BreadcrumbList","@id":"https:\/\/travelabspain.com\/fr\/destinations\/baleares\/formentera\/#breadcrumb","itemListElement":[{"@type":"ListItem","position":1,"name":"Home","item":"https:\/\/travelabspain.com\/fr\/"},{"@type":"ListItem","position":2,"name":"Destinations","item":"https:\/\/travelabspain.com\/fr\/destinations\/"},{"@type":"ListItem","position":3,"name":"Baleares","item":"https:\/\/travelabspain.com\/fr\/destinations\/baleares\/"},{"@type":"ListItem","position":4,"name":"Formentera"}]},{"@type":"WebSite","@id":"https:\/\/travelabspain.com\/#website","url":"https:\/\/travelabspain.com\/","name":"Travelabspain","description":"","publisher":{"@id":"https:\/\/travelabspain.com\/#organization"},"potentialAction":[{"@type":"SearchAction","target":{"@type":"EntryPoint","urlTemplate":"https:\/\/travelabspain.com\/?s={search_term_string}"},"query-input":{"@type":"PropertyValueSpecification","valueRequired":true,"valueName":"search_term_string"}}],"inLanguage":"fr-FR"},{"@type":"Organization","@id":"https:\/\/travelabspain.com\/#organization","name":"Travelabspain","url":"https:\/\/travelabspain.com\/","logo":{"@type":"ImageObject","inLanguage":"fr-FR","@id":"https:\/\/travelabspain.com\/#\/schema\/logo\/image\/","url":"","contentUrl":"","caption":"Travelabspain"},"image":{"@id":"https:\/\/travelabspain.com\/#\/schema\/logo\/image\/"},"sameAs":["https:\/\/www.facebook.com\/AlshotPhotography\/","https:\/\/www.instagram.com\/alshotphotography\/"]}]}},"_links":{"self":[{"href":"https:\/\/travelabspain.com\/fr\/wp-json\/wp\/v2\/pages\/3318","targetHints":{"allow":["GET"]}}],"collection":[{"href":"https:\/\/travelabspain.com\/fr\/wp-json\/wp\/v2\/pages"}],"about":[{"href":"https:\/\/travelabspain.com\/fr\/wp-json\/wp\/v2\/types\/page"}],"author":[{"embeddable":true,"href":"https:\/\/travelabspain.com\/fr\/wp-json\/wp\/v2\/users\/6"}],"replies":[{"embeddable":true,"href":"https:\/\/travelabspain.com\/fr\/wp-json\/wp\/v2\/comments?post=3318"}],"version-history":[{"count":1,"href":"https:\/\/travelabspain.com\/fr\/wp-json\/wp\/v2\/pages\/3318\/revisions"}],"predecessor-version":[{"id":3319,"href":"https:\/\/travelabspain.com\/fr\/wp-json\/wp\/v2\/pages\/3318\/revisions\/3319"}],"up":[{"embeddable":true,"href":"https:\/\/travelabspain.com\/fr\/wp-json\/wp\/v2\/pages\/3314"}],"wp:attachment":[{"href":"https:\/\/travelabspain.com\/fr\/wp-json\/wp\/v2\/media?parent=3318"}],"curies":[{"name":"wp","href":"https:\/\/api.w.org\/{rel}","templated":true}]}}