{"id":3327,"date":"2024-08-09T12:42:06","date_gmt":"2024-08-09T10:42:06","guid":{"rendered":"https:\/\/travelabspain.com\/destinations\/baleares\/mallorca\/"},"modified":"2024-10-31T11:38:03","modified_gmt":"2024-10-31T10:38:03","slug":"mallorca","status":"publish","type":"page","link":"https:\/\/travelabspain.com\/fr\/destinations\/baleares\/mallorca\/","title":{"rendered":"Mallorca"},"content":{"rendered":"<p><div class=\"fusion-fullwidth fullwidth-box fusion-builder-row-1 fusion-flex-container has-pattern-background has-mask-background nonhundred-percent-fullwidth non-hundred-percent-height-scrolling fusion-no-small-visibility fusion-sticky-container\" style=\"--awb-background-position:left top;--awb-border-sizes-top:0px;--awb-border-sizes-bottom:0px;--awb-border-sizes-left:0px;--awb-border-sizes-right:0px;--awb-border-radius-top-left:0px;--awb-border-radius-top-right:0px;--awb-border-radius-bottom-right:0px;--awb-border-radius-bottom-left:0px;--awb-margin-top:0px;--awb-margin-bottom:0px;--awb-sticky-background-color:#2e2f32 !important;--awb-flex-wrap:wrap;\" id=\"containerMenuAfterImage\" data-transition-offset=\"0\" data-sticky-offset=\"119px\" data-scroll-offset=\"0\" data-sticky-small-visibility=\"1\" data-sticky-medium-visibility=\"1\" data-sticky-large-visibility=\"1\" ><div class=\"fusion-builder-row fusion-row fusion-flex-align-items-center fusion-flex-justify-content-space-evenly fusion-flex-content-wrap\" style=\"max-width:calc( 1200px + 0px );margin-left: calc(-0px \/ 2 );margin-right: calc(-0px \/ 2 );\"><div class=\"fusion-layout-column fusion_builder_column fusion-builder-column-0 fusion_builder_column_1_1 1_1 fusion-flex-column\" style=\"--awb-bg-size:cover;--awb-width-large:100%;--awb-margin-top-large:0px;--awb-spacing-right-large:0px;--awb-margin-bottom-large:0px;--awb-spacing-left-large:0px;--awb-width-medium:100%;--awb-order-medium:0;--awb-spacing-right-medium:0px;--awb-spacing-left-medium:0px;--awb-width-small:100%;--awb-order-small:0;--awb-spacing-right-small:0px;--awb-margin-bottom-small:20px;--awb-spacing-left-small:0px;\"><div class=\"fusion-column-wrapper fusion-column-has-shadow fusion-flex-justify-content-flex-start fusion-content-layout-column\"><nav class=\"awb-menu awb-menu_row awb-menu_em-hover mobile-mode-collapse-to-button awb-menu_icons-left awb-menu_dc-yes mobile-trigger-fullwidth-off awb-menu_mobile-toggle awb-menu_indent-left mobile-size-full-absolute loading mega-menu-loading awb-menu_desktop awb-menu_dropdown awb-menu_expand-right awb-menu_transition-fade fusion-no-small-visibility\" style=\"--awb-line-height:40px;--awb-margin-top:20px;--awb-margin-bottom:20px;--awb-text-transform:uppercase;--awb-align-items:center;--awb-justify-content:space-between;--awb-items-padding-top:10px;--awb-items-padding-right:25px;--awb-items-padding-bottom:10px;--awb-items-padding-left:25px;--awb-border-color:#ffffff;--awb-border-top:1px;--awb-border-right:1px;--awb-border-bottom:1px;--awb-border-left:1px;--awb-color:#ffffff;--awb-active-color:#ffffff;--awb-active-bg:#0074ff;--awb-active-border-top:1px;--awb-active-border-right:1px;--awb-active-border-bottom:1px;--awb-active-border-left:1px;--awb-active-border-color:#ffffff;--awb-submenu-items-padding-top:10px;--awb-submenu-items-padding-right:25px;--awb-submenu-items-padding-bottom:10px;--awb-submenu-items-padding-left:25px;--awb-submenu-active-color:#c62471;--awb-submenu-font-size:16px;--awb-submenu-text-transform:uppercase;--awb-submenu-line-height:40px;--awb-icons-color:#ffffff;--awb-icons-hover-color:#ffffff;--awb-main-justify-content:flex-start;--awb-justify-title:flex-start;--awb-mobile-justify:flex-start;--awb-mobile-caret-left:auto;--awb-mobile-caret-right:0;--awb-fusion-font-family-typography:&quot;Raleway&quot;;--awb-fusion-font-style-typography:normal;--awb-fusion-font-weight-typography:600;--awb-fusion-font-family-submenu-typography:&quot;Raleway&quot;;--awb-fusion-font-style-submenu-typography:normal;--awb-fusion-font-weight-submenu-typography:600;--awb-fusion-font-family-mobile-typography:inherit;--awb-fusion-font-style-mobile-typography:normal;--awb-fusion-font-weight-mobile-typography:400;\" aria-label=\"menu travelabspain\" data-breakpoint=\"1024\" data-count=\"0\" data-transition-type=\"fade\" data-transition-time=\"300\" data-expand=\"right\" id=\"menuAfterImage\"><button type=\"button\" class=\"awb-menu__m-toggle awb-menu__m-toggle_no-text\" aria-expanded=\"false\" aria-controls=\"menu-menu-travelabspain\"><span class=\"awb-menu__m-toggle-inner\"><span class=\"collapsed-nav-text\"><span class=\"screen-reader-text\">Toggle Navigation<\/span><\/span><span class=\"awb-menu__m-collapse-icon awb-menu__m-collapse-icon_no-text\"><span class=\"awb-menu__m-collapse-icon-open awb-menu__m-collapse-icon-open_no-text fa-bars fas\"><\/span><span class=\"awb-menu__m-collapse-icon-close awb-menu__m-collapse-icon-close_no-text fa-times fas\"><\/span><\/span><\/span><\/button><ul id=\"menu-menu-travelabspain\" class=\"fusion-menu awb-menu__main-ul awb-menu__main-ul_row\"><li  id=\"menu-item-2323\"  class=\"menu-item menu-item-type-post_type menu-item-object-page menu-item-home menu-item-2323 awb-menu__li awb-menu__main-li awb-menu__main-li_regular\"  data-item-id=\"2323\"><span class=\"awb-menu__main-background-default awb-menu__main-background-default_fade\"><\/span><span class=\"awb-menu__main-background-active awb-menu__main-background-active_fade\"><\/span><a  href=\"https:\/\/travelabspain.com\/home\/\" class=\"awb-menu__main-a awb-menu__main-a_regular\"><span class=\"menu-text\">Home<\/span><\/a><\/li><li  id=\"menu-item-2309\"  class=\"menu-item menu-item-type-post_type menu-item-object-page menu-item-2309 awb-menu__li awb-menu__main-li awb-menu__main-li_regular\"  data-item-id=\"2309\"><span class=\"awb-menu__main-background-default awb-menu__main-background-default_fade\"><\/span><span class=\"awb-menu__main-background-active awb-menu__main-background-active_fade\"><\/span><a  href=\"https:\/\/travelabspain.com\/servicios\/\" class=\"awb-menu__main-a awb-menu__main-a_regular\"><span class=\"menu-text\">Services<\/span><\/a><\/li><li  id=\"menu-item-2310\"  class=\"menu-item menu-item-type-post_type menu-item-object-page menu-item-2310 awb-menu__li awb-menu__main-li awb-menu__main-li_regular\"  data-item-id=\"2310\"><span class=\"awb-menu__main-background-default awb-menu__main-background-default_fade\"><\/span><span class=\"awb-menu__main-background-active awb-menu__main-background-active_fade\"><\/span><a  href=\"https:\/\/travelabspain.com\/destinos\/\" class=\"awb-menu__main-a awb-menu__main-a_regular\"><span class=\"menu-text\">Destinations<\/span><\/a><\/li><li  id=\"menu-item-2801\"  class=\"nuestro-producto menu-item menu-item-type-post_type menu-item-object-page menu-item-2801 awb-menu__li awb-menu__main-li awb-menu__main-li_regular\"  data-classes=\"nuestro-producto\" data-item-id=\"2801\"><span class=\"awb-menu__main-background-default awb-menu__main-background-default_fade\"><\/span><span class=\"awb-menu__main-background-active awb-menu__main-background-active_fade\"><\/span><a  href=\"https:\/\/travelabspain.com\/nuestro-producto\/\" class=\"awb-menu__main-a awb-menu__main-a_regular\"><span class=\"menu-text\">Notre produit<\/span><\/a><\/li><li  id=\"menu-item-2312\"  class=\"nosotros menu-item menu-item-type-post_type menu-item-object-page menu-item-2312 awb-menu__li awb-menu__main-li awb-menu__main-li_regular\"  data-classes=\"nosotros\" data-item-id=\"2312\"><span class=\"awb-menu__main-background-default awb-menu__main-background-default_fade\"><\/span><span class=\"awb-menu__main-background-active awb-menu__main-background-active_fade\"><\/span><a  href=\"https:\/\/travelabspain.com\/nosotros\/\" class=\"awb-menu__main-a awb-menu__main-a_regular\"><span class=\"menu-text\">\u00c0 propos de nous<\/span><\/a><\/li><li  id=\"menu-item-2313\"  class=\"menu-item menu-item-type-post_type menu-item-object-page menu-item-2313 awb-menu__li awb-menu__main-li awb-menu__main-li_regular\"  data-item-id=\"2313\"><span class=\"awb-menu__main-background-default awb-menu__main-background-default_fade\"><\/span><span class=\"awb-menu__main-background-active awb-menu__main-background-active_fade\"><\/span><a  href=\"https:\/\/travelabspain.com\/contacto\/\" class=\"awb-menu__main-a awb-menu__main-a_regular\"><span class=\"menu-text\">Contact<\/span><\/a><\/li><\/ul><\/nav><\/div><\/div><\/div><\/div>\n<div class=\"fusion-fullwidth fullwidth-box fusion-builder-row-2 fusion-flex-container has-pattern-background has-mask-background nonhundred-percent-fullwidth non-hundred-percent-height-scrolling\" style=\"--awb-border-radius-top-left:0px;--awb-border-radius-top-right:0px;--awb-border-radius-bottom-right:0px;--awb-border-radius-bottom-left:0px;--awb-flex-wrap:wrap;\" ><div class=\"fusion-builder-row fusion-row fusion-flex-align-items-flex-start fusion-flex-content-wrap\" style=\"max-width:1248px;margin-left: calc(-4% \/ 2 );margin-right: calc(-4% \/ 2 );\"><div class=\"fusion-layout-column fusion_builder_column fusion-builder-column-1 fusion_builder_column_1_1 1_1 fusion-flex-column\" style=\"--awb-bg-size:cover;--awb-width-large:100%;--awb-margin-top-large:0px;--awb-spacing-right-large:1.92%;--awb-margin-bottom-large:50px;--awb-spacing-left-large:1.92%;--awb-width-medium:100%;--awb-order-medium:0;--awb-spacing-right-medium:1.92%;--awb-spacing-left-medium:1.92%;--awb-width-small:100%;--awb-order-small:0;--awb-spacing-right-small:1.92%;--awb-spacing-left-small:1.92%;\"><div class=\"fusion-column-wrapper fusion-column-has-shadow fusion-flex-justify-content-flex-start fusion-content-layout-column\"><nav class=\"fusion-breadcrumbs awb-yoast-breadcrumbs fusion-breadcrumbs-1\" style=\"--awb-breadcrumb-sep:&#039;\/&#039;;\" aria-label=\"Breadcrumb\"><span><span><a href=\"https:\/\/travelabspain.com\/fr\/\">Home<\/a><\/span><\/span><\/nav><div class=\"fusion-title title fusion-title-1 fusion-sep-none fusion-title-center fusion-title-text fusion-title-size-one\" style=\"--awb-text-color:#0074ff;--awb-margin-top:40px;\"><h1 class=\"fusion-title-heading title-heading-center fusion-responsive-typography-calculated\" style=\"margin:0;text-transform:uppercase;--fontSize:35;line-height:1.75;\"><strong>MALLORCA<\/strong><\/h1><\/div><a href=\"\/wp-content\/uploads\/flippingBook\/Destinos\/Espana\/Baleares\/Mallorca FR\/\" class=\"fbp-embed\" data-fbp-ratio=\"3:2\" data-fbp-lightbox=\"no\" data-fbp-width=\"100%\" data-fbp-height=\"auto\" style=\"max-width: 100%\">MALLORCA<\/a><script async defer src=\"\/wp-content\/uploads\/flippingBook\/Destinos\/Espana\/Baleares\/Mallorca FR\/files\/html\/static\/embed.js\"><\/script><div class=\"fusion-text fusion-text-1\" style=\"--awb-text-color:#ffffff;\"><p>Bienvenue \u00e0 Majorque, une \u00eele paradisiaque captivante nich\u00e9e dans les eaux cristallines de la mer M\u00e9diterran\u00e9e. Avec ses plages impressionnantes, sa riche histoire et sa culture vibrante, Majorque invite les visiteurs \u00e0 explorer ses paysages diversifi\u00e9s, \u00e0 d\u00e9couvrir son ancien patrimoine et \u00e0 profiter de la chaleur et de la beaut\u00e9 de son environnement.<\/p>\n<p>Aujourd&rsquo;hui, Majorque est un centre d&rsquo;activit\u00e9 dynamique o\u00f9 l&rsquo;ancien rencontre le nouveau dans un m\u00e9lange harmonieux de tradition et de modernit\u00e9. Sa ville anim\u00e9e, ses villages et ses charmants bourgades sont remplis des sons de la vie quotidienne, o\u00f9 habitants et visiteurs se croisent dans des march\u00e9s anim\u00e9s, des caf\u00e9s pittoresques et des places bourdonnantes. De la vie nocturne vibrante de Palma aux plages tranquilles d&rsquo;Es Trenc, Majorque offre quelque chose pour tous.<\/p>\n<p><span style=\"color: #0074ff;\"><strong>Histoire<\/strong><\/span><\/p>\n<p>L&rsquo;histoire de Majorque est aussi riche et diverse que ses paysages, s&rsquo;\u00e9tendant sur des milliers d&rsquo;ann\u00e9es de civilisation humaine. De ses anciens \u00e9tablissements talayotique \u00e0 ses conqu\u00eates arabes m\u00e9di\u00e9vales, l&rsquo;\u00eele a \u00e9t\u00e9 fa\u00e7onn\u00e9e par un tissu de cultures et d&rsquo;influences. Explorez ses ch\u00e2teaux historiques, ses ruines anciennes et ses charmants villages anciens, et d\u00e9couvrez les fascinantes histoires qui se cachent sous la surface de cette \u00eele enchanteuse.<\/p>\n<p><span style=\"color: #0074ff;\"><strong>Lieux incontournables<\/strong><\/span><\/p>\n<p><span style=\"color: #0074ff;\"><strong>Catedral de La Seu<\/strong><\/span><\/p>\n<p>Admirez la beaut\u00e9 impressionnante de la cath\u00e9drale de La Seu, une magnifique \u0153uvre ma\u00eetresse gothique qui domine l&rsquo;horizon de Palma. Explorez sa nef \u00e9lev\u00e9e, ses vitraux intriqu\u00e9s et ses paisibles patios, et admirez l&rsquo;\u00e9clat architectural de ce lieu embl\u00e9matique.<\/p>\n<p><span style=\"color: #0074ff;\"><strong>Serra de Tramuntana<\/strong><\/span><\/p>\n<p>Embarquez pour un voyage \u00e0 travers les paysages escarp\u00e9s de la Serra de Tramuntana, class\u00e9e au patrimoine mondial de l&rsquo;UNESCO, reconnue pour sa beaut\u00e9 naturelle et son importance culturelle. Promenez-vous dans d&rsquo;anciens oliveraies, explorez des villages pittoresques et \u00e9merveillez-vous devant les vues impressionnantes sur les montagnes, les vall\u00e9es et la mer.<\/p>\n<p><span style=\"color: #0074ff;\"><strong>Valldemossa<\/strong><\/span><\/p>\n<p>Retournez dans le temps dans le charmant village de Valldemossa, situ\u00e9 au milieu des collines de la Serra de Tramuntana. Explorez ses rues pav\u00e9es, ses monast\u00e8res historiques et plongez dans l&rsquo;atmosph\u00e8re tranquille de ce refuge de montagne idyllique.<\/p>\n<p><span style=\"color: #0074ff;\"><strong>Gastronomie<\/strong><\/span><\/p>\n<p>\u00c0 Majorque, le d\u00eener est une c\u00e9l\u00e9bration des ingr\u00e9dients locaux frais et des recettes traditionnelles transmises de g\u00e9n\u00e9ration en g\u00e9n\u00e9ration. R\u00e9galez-vous de sp\u00e9cialit\u00e9s locales comme les ensaimadas (g\u00e2teaux sucr\u00e9s), la sobrasada (saucisse \u00e9pic\u00e9e) et le pa amb oli (pain avec de l&rsquo;huile d&rsquo;olive et de la tomate), accompagn\u00e9s d&rsquo;un verre de vin local frais ou d&rsquo;une liqueur de plantes rafra\u00eechissante. Et n&rsquo;oubliez pas de go\u00fbter aux fruits de mer frais de l&rsquo;\u00eele, des gambas et calamars grill\u00e9s \u00e0 la paella de fruits de mer et \u00e0 la fideu\u00e1.<\/p>\n<p><span style=\"color: #0074ff;\"><strong>Culture<\/strong><\/span><\/p>\n<p>Immergez-vous dans la culture vibrante de Majorque, o\u00f9 l&rsquo;esprit de cr\u00e9ativit\u00e9 et de tradition prosp\u00e8re \u00e0 chaque coin de l&rsquo;\u00eele. Explorez sa sc\u00e8ne artistique florissante, des galeries et mus\u00e9es contemporains aux march\u00e9s d&rsquo;artisanat traditionnel et lieux de musique live. Et assurez-vous de vivre le rythme et l&rsquo;\u00e9nergie de la musique et de la danse traditionnelles majorquines, o\u00f9 des m\u00e9lodies entra\u00eenantes et des rythmes contagieux se rejoignent dans une c\u00e9l\u00e9bration de la vie et du patrimoine de l&rsquo;\u00eele.<\/p>\n<p>\u00c0 Majorque, chaque instant est une opportunit\u00e9 de d\u00e9couvrir quelque chose de nouveau et d&rsquo;excitant, que ce soit en explorant ses monuments historiques, en se relaxant sur ses belles plages ou en savourant sa d\u00e9licieuse cuisine. Alors, venez vivre par vous-m\u00eame la magie de Majorque, o\u00f9 le soleil brille toujours, la mer scintille et l&rsquo;esprit de l&rsquo;\u00eele vous captive.<\/p>\n<\/div><\/div><\/div><\/div><\/div><\/p>\n","protected":false},"excerpt":{"rendered":"","protected":false},"author":6,"featured_media":0,"parent":3314,"menu_order":0,"comment_status":"closed","ping_status":"closed","template":"","meta":{"_themeisle_gutenberg_block_has_review":false,"footnotes":""},"class_list":["post-3327","page","type-page","status-publish","hentry"],"yoast_head":"<!-- This site is optimized with the Yoast SEO plugin v27.5 - https:\/\/yoast.com\/product\/yoast-seo-wordpress\/ -->\n<title>Mallorca - Travelabspain<\/title>\n<meta name=\"robots\" content=\"index, follow, max-snippet:-1, max-image-preview:large, max-video-preview:-1\" \/>\n<link rel=\"canonical\" href=\"https:\/\/travelabspain.com\/fr\/destinations\/baleares\/mallorca\/\" \/>\n<meta property=\"og:locale\" content=\"fr_FR\" \/>\n<meta property=\"og:type\" content=\"article\" \/>\n<meta property=\"og:title\" content=\"Mallorca - Travelabspain\" \/>\n<meta property=\"og:url\" content=\"https:\/\/travelabspain.com\/fr\/destinations\/baleares\/mallorca\/\" \/>\n<meta property=\"og:site_name\" content=\"Travelabspain\" \/>\n<meta property=\"article:publisher\" content=\"https:\/\/www.facebook.com\/AlshotPhotography\/\" \/>\n<meta property=\"article:modified_time\" content=\"2024-10-31T10:38:03+00:00\" \/>\n<meta name=\"twitter:card\" content=\"summary_large_image\" \/>\n<script type=\"application\/ld+json\" class=\"yoast-schema-graph\">{\"@context\":\"https:\\\/\\\/schema.org\",\"@graph\":[{\"@type\":\"WebPage\",\"@id\":\"https:\\\/\\\/travelabspain.com\\\/fr\\\/destinations\\\/baleares\\\/mallorca\\\/\",\"url\":\"https:\\\/\\\/travelabspain.com\\\/fr\\\/destinations\\\/baleares\\\/mallorca\\\/\",\"name\":\"Mallorca - Travelabspain\",\"isPartOf\":{\"@id\":\"https:\\\/\\\/travelabspain.com\\\/#website\"},\"datePublished\":\"2024-08-09T10:42:06+00:00\",\"dateModified\":\"2024-10-31T10:38:03+00:00\",\"breadcrumb\":{\"@id\":\"https:\\\/\\\/travelabspain.com\\\/fr\\\/destinations\\\/baleares\\\/mallorca\\\/#breadcrumb\"},\"inLanguage\":\"fr-FR\",\"potentialAction\":[{\"@type\":\"ReadAction\",\"target\":[\"https:\\\/\\\/travelabspain.com\\\/fr\\\/destinations\\\/baleares\\\/mallorca\\\/\"]}]},{\"@type\":\"BreadcrumbList\",\"@id\":\"https:\\\/\\\/travelabspain.com\\\/fr\\\/destinations\\\/baleares\\\/mallorca\\\/#breadcrumb\",\"itemListElement\":[{\"@type\":\"ListItem\",\"position\":1,\"name\":\"Home\",\"item\":\"https:\\\/\\\/travelabspain.com\\\/fr\\\/\"},{\"@type\":\"ListItem\",\"position\":2,\"name\":\"Destinations\",\"item\":\"https:\\\/\\\/travelabspain.com\\\/fr\\\/destinations\\\/\"},{\"@type\":\"ListItem\",\"position\":3,\"name\":\"Baleares\",\"item\":\"https:\\\/\\\/travelabspain.com\\\/fr\\\/destinations\\\/baleares\\\/\"},{\"@type\":\"ListItem\",\"position\":4,\"name\":\"Mallorca\"}]},{\"@type\":\"WebSite\",\"@id\":\"https:\\\/\\\/travelabspain.com\\\/#website\",\"url\":\"https:\\\/\\\/travelabspain.com\\\/\",\"name\":\"Travelabspain\",\"description\":\"\",\"publisher\":{\"@id\":\"https:\\\/\\\/travelabspain.com\\\/#organization\"},\"potentialAction\":[{\"@type\":\"SearchAction\",\"target\":{\"@type\":\"EntryPoint\",\"urlTemplate\":\"https:\\\/\\\/travelabspain.com\\\/?s={search_term_string}\"},\"query-input\":{\"@type\":\"PropertyValueSpecification\",\"valueRequired\":true,\"valueName\":\"search_term_string\"}}],\"inLanguage\":\"fr-FR\"},{\"@type\":\"Organization\",\"@id\":\"https:\\\/\\\/travelabspain.com\\\/#organization\",\"name\":\"Travelabspain\",\"url\":\"https:\\\/\\\/travelabspain.com\\\/\",\"logo\":{\"@type\":\"ImageObject\",\"inLanguage\":\"fr-FR\",\"@id\":\"https:\\\/\\\/travelabspain.com\\\/#\\\/schema\\\/logo\\\/image\\\/\",\"url\":\"\",\"contentUrl\":\"\",\"caption\":\"Travelabspain\"},\"image\":{\"@id\":\"https:\\\/\\\/travelabspain.com\\\/#\\\/schema\\\/logo\\\/image\\\/\"},\"sameAs\":[\"https:\\\/\\\/www.facebook.com\\\/AlshotPhotography\\\/\",\"https:\\\/\\\/www.instagram.com\\\/alshotphotography\\\/\"]}]}<\/script>\n<!-- \/ Yoast SEO plugin. -->","yoast_head_json":{"title":"Mallorca - Travelabspain","robots":{"index":"index","follow":"follow","max-snippet":"max-snippet:-1","max-image-preview":"max-image-preview:large","max-video-preview":"max-video-preview:-1"},"canonical":"https:\/\/travelabspain.com\/fr\/destinations\/baleares\/mallorca\/","og_locale":"fr_FR","og_type":"article","og_title":"Mallorca - Travelabspain","og_url":"https:\/\/travelabspain.com\/fr\/destinations\/baleares\/mallorca\/","og_site_name":"Travelabspain","article_publisher":"https:\/\/www.facebook.com\/AlshotPhotography\/","article_modified_time":"2024-10-31T10:38:03+00:00","twitter_card":"summary_large_image","schema":{"@context":"https:\/\/schema.org","@graph":[{"@type":"WebPage","@id":"https:\/\/travelabspain.com\/fr\/destinations\/baleares\/mallorca\/","url":"https:\/\/travelabspain.com\/fr\/destinations\/baleares\/mallorca\/","name":"Mallorca - Travelabspain","isPartOf":{"@id":"https:\/\/travelabspain.com\/#website"},"datePublished":"2024-08-09T10:42:06+00:00","dateModified":"2024-10-31T10:38:03+00:00","breadcrumb":{"@id":"https:\/\/travelabspain.com\/fr\/destinations\/baleares\/mallorca\/#breadcrumb"},"inLanguage":"fr-FR","potentialAction":[{"@type":"ReadAction","target":["https:\/\/travelabspain.com\/fr\/destinations\/baleares\/mallorca\/"]}]},{"@type":"BreadcrumbList","@id":"https:\/\/travelabspain.com\/fr\/destinations\/baleares\/mallorca\/#breadcrumb","itemListElement":[{"@type":"ListItem","position":1,"name":"Home","item":"https:\/\/travelabspain.com\/fr\/"},{"@type":"ListItem","position":2,"name":"Destinations","item":"https:\/\/travelabspain.com\/fr\/destinations\/"},{"@type":"ListItem","position":3,"name":"Baleares","item":"https:\/\/travelabspain.com\/fr\/destinations\/baleares\/"},{"@type":"ListItem","position":4,"name":"Mallorca"}]},{"@type":"WebSite","@id":"https:\/\/travelabspain.com\/#website","url":"https:\/\/travelabspain.com\/","name":"Travelabspain","description":"","publisher":{"@id":"https:\/\/travelabspain.com\/#organization"},"potentialAction":[{"@type":"SearchAction","target":{"@type":"EntryPoint","urlTemplate":"https:\/\/travelabspain.com\/?s={search_term_string}"},"query-input":{"@type":"PropertyValueSpecification","valueRequired":true,"valueName":"search_term_string"}}],"inLanguage":"fr-FR"},{"@type":"Organization","@id":"https:\/\/travelabspain.com\/#organization","name":"Travelabspain","url":"https:\/\/travelabspain.com\/","logo":{"@type":"ImageObject","inLanguage":"fr-FR","@id":"https:\/\/travelabspain.com\/#\/schema\/logo\/image\/","url":"","contentUrl":"","caption":"Travelabspain"},"image":{"@id":"https:\/\/travelabspain.com\/#\/schema\/logo\/image\/"},"sameAs":["https:\/\/www.facebook.com\/AlshotPhotography\/","https:\/\/www.instagram.com\/alshotphotography\/"]}]}},"_links":{"self":[{"href":"https:\/\/travelabspain.com\/fr\/wp-json\/wp\/v2\/pages\/3327","targetHints":{"allow":["GET"]}}],"collection":[{"href":"https:\/\/travelabspain.com\/fr\/wp-json\/wp\/v2\/pages"}],"about":[{"href":"https:\/\/travelabspain.com\/fr\/wp-json\/wp\/v2\/types\/page"}],"author":[{"embeddable":true,"href":"https:\/\/travelabspain.com\/fr\/wp-json\/wp\/v2\/users\/6"}],"replies":[{"embeddable":true,"href":"https:\/\/travelabspain.com\/fr\/wp-json\/wp\/v2\/comments?post=3327"}],"version-history":[{"count":1,"href":"https:\/\/travelabspain.com\/fr\/wp-json\/wp\/v2\/pages\/3327\/revisions"}],"predecessor-version":[{"id":3328,"href":"https:\/\/travelabspain.com\/fr\/wp-json\/wp\/v2\/pages\/3327\/revisions\/3328"}],"up":[{"embeddable":true,"href":"https:\/\/travelabspain.com\/fr\/wp-json\/wp\/v2\/pages\/3314"}],"wp:attachment":[{"href":"https:\/\/travelabspain.com\/fr\/wp-json\/wp\/v2\/media?parent=3327"}],"curies":[{"name":"wp","href":"https:\/\/api.w.org\/{rel}","templated":true}]}}