{"id":3331,"date":"2024-08-09T13:40:56","date_gmt":"2024-08-09T11:40:56","guid":{"rendered":"https:\/\/travelabspain.com\/destinations\/baleares\/menorca\/"},"modified":"2024-10-31T11:50:31","modified_gmt":"2024-10-31T10:50:31","slug":"menorca","status":"publish","type":"page","link":"https:\/\/travelabspain.com\/fr\/destinations\/baleares\/menorca\/","title":{"rendered":"Menorca"},"content":{"rendered":"<p><div class=\"fusion-fullwidth fullwidth-box fusion-builder-row-1 fusion-flex-container has-pattern-background has-mask-background nonhundred-percent-fullwidth non-hundred-percent-height-scrolling fusion-no-small-visibility fusion-sticky-container\" style=\"--awb-background-position:left top;--awb-border-sizes-top:0px;--awb-border-sizes-bottom:0px;--awb-border-sizes-left:0px;--awb-border-sizes-right:0px;--awb-border-radius-top-left:0px;--awb-border-radius-top-right:0px;--awb-border-radius-bottom-right:0px;--awb-border-radius-bottom-left:0px;--awb-margin-top:0px;--awb-margin-bottom:0px;--awb-sticky-background-color:#2e2f32 !important;--awb-flex-wrap:wrap;\" id=\"containerMenuAfterImage\" data-transition-offset=\"0\" data-sticky-offset=\"119px\" data-scroll-offset=\"0\" data-sticky-small-visibility=\"1\" data-sticky-medium-visibility=\"1\" data-sticky-large-visibility=\"1\" ><div class=\"fusion-builder-row fusion-row fusion-flex-align-items-center fusion-flex-justify-content-space-evenly fusion-flex-content-wrap\" style=\"max-width:calc( 1200px + 0px );margin-left: calc(-0px \/ 2 );margin-right: calc(-0px \/ 2 );\"><div class=\"fusion-layout-column fusion_builder_column fusion-builder-column-0 fusion_builder_column_1_1 1_1 fusion-flex-column\" style=\"--awb-bg-size:cover;--awb-width-large:100%;--awb-margin-top-large:0px;--awb-spacing-right-large:0px;--awb-margin-bottom-large:0px;--awb-spacing-left-large:0px;--awb-width-medium:100%;--awb-order-medium:0;--awb-spacing-right-medium:0px;--awb-spacing-left-medium:0px;--awb-width-small:100%;--awb-order-small:0;--awb-spacing-right-small:0px;--awb-margin-bottom-small:20px;--awb-spacing-left-small:0px;\"><div class=\"fusion-column-wrapper fusion-column-has-shadow fusion-flex-justify-content-flex-start fusion-content-layout-column\"><nav class=\"awb-menu awb-menu_row awb-menu_em-hover mobile-mode-collapse-to-button awb-menu_icons-left awb-menu_dc-yes mobile-trigger-fullwidth-off awb-menu_mobile-toggle awb-menu_indent-left mobile-size-full-absolute loading mega-menu-loading awb-menu_desktop awb-menu_dropdown awb-menu_expand-right awb-menu_transition-fade fusion-no-small-visibility\" style=\"--awb-line-height:40px;--awb-margin-top:20px;--awb-margin-bottom:20px;--awb-text-transform:uppercase;--awb-align-items:center;--awb-justify-content:space-between;--awb-items-padding-top:10px;--awb-items-padding-right:25px;--awb-items-padding-bottom:10px;--awb-items-padding-left:25px;--awb-border-color:#ffffff;--awb-border-top:1px;--awb-border-right:1px;--awb-border-bottom:1px;--awb-border-left:1px;--awb-color:#ffffff;--awb-active-color:#ffffff;--awb-active-bg:#0074ff;--awb-active-border-top:1px;--awb-active-border-right:1px;--awb-active-border-bottom:1px;--awb-active-border-left:1px;--awb-active-border-color:#ffffff;--awb-submenu-items-padding-top:10px;--awb-submenu-items-padding-right:25px;--awb-submenu-items-padding-bottom:10px;--awb-submenu-items-padding-left:25px;--awb-submenu-active-color:#c62471;--awb-submenu-font-size:16px;--awb-submenu-text-transform:uppercase;--awb-submenu-line-height:40px;--awb-icons-color:#ffffff;--awb-icons-hover-color:#ffffff;--awb-main-justify-content:flex-start;--awb-justify-title:flex-start;--awb-mobile-justify:flex-start;--awb-mobile-caret-left:auto;--awb-mobile-caret-right:0;--awb-fusion-font-family-typography:&quot;Raleway&quot;;--awb-fusion-font-style-typography:normal;--awb-fusion-font-weight-typography:600;--awb-fusion-font-family-submenu-typography:&quot;Raleway&quot;;--awb-fusion-font-style-submenu-typography:normal;--awb-fusion-font-weight-submenu-typography:600;--awb-fusion-font-family-mobile-typography:inherit;--awb-fusion-font-style-mobile-typography:normal;--awb-fusion-font-weight-mobile-typography:400;\" aria-label=\"menu travelabspain\" data-breakpoint=\"1024\" data-count=\"0\" data-transition-type=\"fade\" data-transition-time=\"300\" data-expand=\"right\" id=\"menuAfterImage\"><button type=\"button\" class=\"awb-menu__m-toggle awb-menu__m-toggle_no-text\" aria-expanded=\"false\" aria-controls=\"menu-menu-travelabspain\"><span class=\"awb-menu__m-toggle-inner\"><span class=\"collapsed-nav-text\"><span class=\"screen-reader-text\">Toggle Navigation<\/span><\/span><span class=\"awb-menu__m-collapse-icon awb-menu__m-collapse-icon_no-text\"><span class=\"awb-menu__m-collapse-icon-open awb-menu__m-collapse-icon-open_no-text fa-bars fas\"><\/span><span class=\"awb-menu__m-collapse-icon-close awb-menu__m-collapse-icon-close_no-text fa-times fas\"><\/span><\/span><\/span><\/button><ul id=\"menu-menu-travelabspain\" class=\"fusion-menu awb-menu__main-ul awb-menu__main-ul_row\"><li  id=\"menu-item-2323\"  class=\"menu-item menu-item-type-post_type menu-item-object-page menu-item-home menu-item-2323 awb-menu__li awb-menu__main-li awb-menu__main-li_regular\"  data-item-id=\"2323\"><span class=\"awb-menu__main-background-default awb-menu__main-background-default_fade\"><\/span><span class=\"awb-menu__main-background-active awb-menu__main-background-active_fade\"><\/span><a  href=\"https:\/\/travelabspain.com\/home\/\" class=\"awb-menu__main-a awb-menu__main-a_regular\"><span class=\"menu-text\">Home<\/span><\/a><\/li><li  id=\"menu-item-2309\"  class=\"menu-item menu-item-type-post_type menu-item-object-page menu-item-2309 awb-menu__li awb-menu__main-li awb-menu__main-li_regular\"  data-item-id=\"2309\"><span class=\"awb-menu__main-background-default awb-menu__main-background-default_fade\"><\/span><span class=\"awb-menu__main-background-active awb-menu__main-background-active_fade\"><\/span><a  href=\"https:\/\/travelabspain.com\/servicios\/\" class=\"awb-menu__main-a awb-menu__main-a_regular\"><span class=\"menu-text\">Services<\/span><\/a><\/li><li  id=\"menu-item-2310\"  class=\"menu-item menu-item-type-post_type menu-item-object-page menu-item-2310 awb-menu__li awb-menu__main-li awb-menu__main-li_regular\"  data-item-id=\"2310\"><span class=\"awb-menu__main-background-default awb-menu__main-background-default_fade\"><\/span><span class=\"awb-menu__main-background-active awb-menu__main-background-active_fade\"><\/span><a  href=\"https:\/\/travelabspain.com\/destinos\/\" class=\"awb-menu__main-a awb-menu__main-a_regular\"><span class=\"menu-text\">Destinations<\/span><\/a><\/li><li  id=\"menu-item-2801\"  class=\"nuestro-producto menu-item menu-item-type-post_type menu-item-object-page menu-item-2801 awb-menu__li awb-menu__main-li awb-menu__main-li_regular\"  data-classes=\"nuestro-producto\" data-item-id=\"2801\"><span class=\"awb-menu__main-background-default awb-menu__main-background-default_fade\"><\/span><span class=\"awb-menu__main-background-active awb-menu__main-background-active_fade\"><\/span><a  href=\"https:\/\/travelabspain.com\/nuestro-producto\/\" class=\"awb-menu__main-a awb-menu__main-a_regular\"><span class=\"menu-text\">Notre produit<\/span><\/a><\/li><li  id=\"menu-item-2312\"  class=\"nosotros menu-item menu-item-type-post_type menu-item-object-page menu-item-2312 awb-menu__li awb-menu__main-li awb-menu__main-li_regular\"  data-classes=\"nosotros\" data-item-id=\"2312\"><span class=\"awb-menu__main-background-default awb-menu__main-background-default_fade\"><\/span><span class=\"awb-menu__main-background-active awb-menu__main-background-active_fade\"><\/span><a  href=\"https:\/\/travelabspain.com\/nosotros\/\" class=\"awb-menu__main-a awb-menu__main-a_regular\"><span class=\"menu-text\">\u00c0 propos de nous<\/span><\/a><\/li><li  id=\"menu-item-2313\"  class=\"menu-item menu-item-type-post_type menu-item-object-page menu-item-2313 awb-menu__li awb-menu__main-li awb-menu__main-li_regular\"  data-item-id=\"2313\"><span class=\"awb-menu__main-background-default awb-menu__main-background-default_fade\"><\/span><span class=\"awb-menu__main-background-active awb-menu__main-background-active_fade\"><\/span><a  href=\"https:\/\/travelabspain.com\/contacto\/\" class=\"awb-menu__main-a awb-menu__main-a_regular\"><span class=\"menu-text\">Contact<\/span><\/a><\/li><\/ul><\/nav><\/div><\/div><\/div><\/div>\n<div class=\"fusion-fullwidth fullwidth-box fusion-builder-row-2 fusion-flex-container has-pattern-background has-mask-background nonhundred-percent-fullwidth non-hundred-percent-height-scrolling\" style=\"--awb-border-radius-top-left:0px;--awb-border-radius-top-right:0px;--awb-border-radius-bottom-right:0px;--awb-border-radius-bottom-left:0px;--awb-flex-wrap:wrap;\" ><div class=\"fusion-builder-row fusion-row fusion-flex-align-items-flex-start fusion-flex-content-wrap\" style=\"max-width:1248px;margin-left: calc(-4% \/ 2 );margin-right: calc(-4% \/ 2 );\"><div class=\"fusion-layout-column fusion_builder_column fusion-builder-column-1 fusion_builder_column_1_1 1_1 fusion-flex-column\" style=\"--awb-bg-size:cover;--awb-width-large:100%;--awb-margin-top-large:0px;--awb-spacing-right-large:1.92%;--awb-margin-bottom-large:50px;--awb-spacing-left-large:1.92%;--awb-width-medium:100%;--awb-order-medium:0;--awb-spacing-right-medium:1.92%;--awb-spacing-left-medium:1.92%;--awb-width-small:100%;--awb-order-small:0;--awb-spacing-right-small:1.92%;--awb-spacing-left-small:1.92%;\"><div class=\"fusion-column-wrapper fusion-column-has-shadow fusion-flex-justify-content-flex-start fusion-content-layout-column\"><nav class=\"fusion-breadcrumbs awb-yoast-breadcrumbs fusion-breadcrumbs-1\" style=\"--awb-breadcrumb-sep:&#039;\/&#039;;\" aria-label=\"Breadcrumb\"><span><span><a href=\"https:\/\/travelabspain.com\/fr\/\">Home<\/a><\/span><\/span><\/nav><div class=\"fusion-title title fusion-title-1 fusion-sep-none fusion-title-center fusion-title-text fusion-title-size-one\" style=\"--awb-text-color:#0074ff;--awb-margin-top:40px;\"><h1 class=\"fusion-title-heading title-heading-center fusion-responsive-typography-calculated\" style=\"margin:0;text-transform:uppercase;--fontSize:35;line-height:1.75;\"><strong>MENORCA<\/strong><\/h1><\/div><a href=\"\/wp-content\/uploads\/flippingBook\/Destinos\/Espana\/Baleares\/Menorca FR\/\" class=\"fbp-embed\" data-fbp-ratio=\"3:2\" data-fbp-lightbox=\"no\" data-fbp-width=\"100%\" data-fbp-height=\"auto\" style=\"max-width: 100%\">MENORCA<\/a><script async defer src=\"\/wp-content\/uploads\/flippingBook\/Destinos\/Espana\/Baleares\/Menorca FR\/files\/html\/static\/embed.js\"><\/script><div class=\"fusion-text fusion-text-1\" style=\"--awb-text-color:#ffffff;\"><p>Bienvenue \u00e0 Minorque, un tr\u00e9sor cach\u00e9 nich\u00e9 dans les eaux turquoise de la mer M\u00e9diterran\u00e9e. Avec ses plages vierges, sa riche histoire et son atmosph\u00e8re d\u00e9tendue, Minorque invite les visiteurs \u00e0 explorer ses paysages pr\u00e9serv\u00e9s, \u00e0 d\u00e9couvrir son ancien patrimoine et \u00e0 s&rsquo;immerger dans la tranquillit\u00e9 et la beaut\u00e9 de cette \u00eele charmante.<\/p>\n<p>Aujourd&rsquo;hui, Minorque est un oasis de paix o\u00f9 le temps semble s&rsquo;\u00eatre arr\u00eat\u00e9 au milieu du tumulte de la vie moderne. Ses charmantes villes et villages d\u00e9gagent une sensation de s\u00e9r\u00e9nit\u00e9 et de calme, o\u00f9 habitants et visiteurs profitent d&rsquo;un rythme de vie plus lent. Des ports pittoresques de Mah\u00f3n et Ciutadella aux falaises escarp\u00e9es et aux criques de sable qui bordent la c\u00f4te, Minorque offre d&rsquo;innombrables opportunit\u00e9s pour se d\u00e9tendre, explorer et se ressourcer.<\/p>\n<p><span style=\"color: #0074ff;\"><strong>Histoire<\/strong><\/span><\/p>\n<p>L&rsquo;histoire de Minorque est aussi ancienne et l\u00e9gendaire que les paysages escarp\u00e9s qui d\u00e9finissent la c\u00f4te de l&rsquo;\u00eele. De ses \u00e9tablissements talayotiques pr\u00e9historiques \u00e0 ses si\u00e8cles de domination arabe et britannique, Minorque a \u00e9t\u00e9 fa\u00e7onn\u00e9e par une large gamme de cultures et de civilisations. Explorez ses anciens monuments m\u00e9galithiques, ses fortifications historiques et ses charmants villages de p\u00eacheurs, et d\u00e9couvrez les fascinantes histoires qui se cachent sous la surface de cette \u00eele captivante.<\/p>\n<p><span style=\"color: #0074ff;\"><strong>Lieux incontournables<\/strong><\/span><\/p>\n<p><strong>Mah\u00f3n<\/strong>: Explorez la charmante capitale de Mah\u00f3n, une pittoresque ville portuaire c\u00e9l\u00e8bre pour sa beaut\u00e9 naturelle et sa riche histoire maritime. Promenez-vous le long du front de mer, admirez l&rsquo;\u00e9l\u00e9gante architecture g\u00e9orgienne et visitez la forteresse historique de La Mola, l&rsquo;une des plus grandes fortifications d&rsquo;Europe.<\/p>\n<p><strong>Ciutadella<\/strong> : D\u00e9couvrez la ville historique de Ciutadella, un charmant labyrinthe de rues \u00e9troites, de palais anciens et de places cach\u00e9es. Explorez sa majestueuse cath\u00e9drale, fl\u00e2nez dans les march\u00e9s anim\u00e9s et promenez-vous dans le pittoresque port, o\u00f9 de color\u00e9s bateaux de p\u00eache se balancent doucement au gr\u00e9 du vent.<\/p>\n<p><strong>Cala Macarella et Cala Macarelleta<\/strong>: D\u00e9tendez-vous sur les plages vierges de Cala Macarella et Cala Macarelleta, deux des criques les plus belles et isol\u00e9es de Minorque. Avec leur douce sable blanc, leurs eaux cristallines et leurs luxuriantes for\u00eats de pins, ces plages idylliques sont parfaites pour nager, faire de la plong\u00e9e avec tuba ou simplement bronzer en paix et tranquillit\u00e9.<\/p>\n<p><span style=\"color: #0074ff;\"><strong>Gastronomie<\/strong><\/span><\/p>\n<p>\u00c0 Minorque, les recettes traditionnelles se transmettent de g\u00e9n\u00e9ration en g\u00e9n\u00e9ration. R\u00e9galez-vous de sp\u00e9cialit\u00e9s locales comme la caldereta de langosta (rago\u00fbt de langouste), la sobrasada (saucisse \u00e9pic\u00e9e) et les formatges (fromages locaux), accompagn\u00e9s d&rsquo;un verre de gin local rafra\u00eechissant ou d&rsquo;une pomada (gin et limonade). Et n&rsquo;oubliez pas de go\u00fbter aux d\u00e9licieux fruits de mer de l&rsquo;\u00eele, des crevettes et calamars grill\u00e9s \u00e0 la paella de fruits de mer et au risotto de langouste.<\/p>\n<p><span style=\"color: #0074ff;\"><strong>Culture<\/strong><\/span><\/p>\n<p>Plongez dans le riche patrimoine culturel de Minorque, o\u00f9 l&rsquo;esprit de tradition et de communaut\u00e9 est profond\u00e9ment ancr\u00e9 dans tous les aspects de la vie insulaire. Explorez sa sc\u00e8ne artistique vibrante, des galeries contemporaines et march\u00e9s d&rsquo;artisanat aux festivals folkloriques traditionnels et spectacles musicaux. Et assurez-vous de vivre le rythme et l&rsquo;\u00e9nergie de la musique et de la danse traditionnelle minorquine, o\u00f9 des m\u00e9lodies entra\u00eenantes et des rythmes contagieux se rejoignent dans une c\u00e9l\u00e9bration de la vie et de l&rsquo;identit\u00e9 de l&rsquo;\u00eele.<\/p>\n<p>\u00c0 Minorque, chaque instant est une opportunit\u00e9 de d\u00e9couvrir quelque chose de nouveau et d&rsquo;extraordinaire, que ce soit en explorant ses monuments historiques, en se relaxant sur ses belles plages ou en savourant sa d\u00e9licieuse cuisine. Alors, venez vivre par vous-m\u00eame la magie de Minorque, o\u00f9 la beaut\u00e9 du monde naturel rencontre la chaleur et l&rsquo;hospitalit\u00e9 de son peuple, et chaque jour est une nouvelle aventure attendant d&rsquo;\u00eatre d\u00e9couverte.<\/p>\n<\/div><\/div><\/div><\/div><\/div><\/p>\n","protected":false},"excerpt":{"rendered":"","protected":false},"author":6,"featured_media":0,"parent":3314,"menu_order":0,"comment_status":"closed","ping_status":"closed","template":"","meta":{"_themeisle_gutenberg_block_has_review":false,"footnotes":""},"class_list":["post-3331","page","type-page","status-publish","hentry"],"yoast_head":"<!-- This site is optimized with the Yoast SEO plugin v27.5 - https:\/\/yoast.com\/product\/yoast-seo-wordpress\/ -->\n<title>Menorca - Travelabspain<\/title>\n<meta name=\"robots\" content=\"index, follow, max-snippet:-1, max-image-preview:large, max-video-preview:-1\" \/>\n<link rel=\"canonical\" href=\"https:\/\/travelabspain.com\/fr\/destinations\/baleares\/menorca\/\" \/>\n<meta property=\"og:locale\" content=\"fr_FR\" \/>\n<meta property=\"og:type\" content=\"article\" \/>\n<meta property=\"og:title\" content=\"Menorca - Travelabspain\" \/>\n<meta property=\"og:url\" content=\"https:\/\/travelabspain.com\/fr\/destinations\/baleares\/menorca\/\" \/>\n<meta property=\"og:site_name\" content=\"Travelabspain\" \/>\n<meta property=\"article:publisher\" content=\"https:\/\/www.facebook.com\/AlshotPhotography\/\" \/>\n<meta property=\"article:modified_time\" content=\"2024-10-31T10:50:31+00:00\" \/>\n<meta name=\"twitter:card\" content=\"summary_large_image\" \/>\n<script type=\"application\/ld+json\" class=\"yoast-schema-graph\">{\"@context\":\"https:\\\/\\\/schema.org\",\"@graph\":[{\"@type\":\"WebPage\",\"@id\":\"https:\\\/\\\/travelabspain.com\\\/fr\\\/destinations\\\/baleares\\\/menorca\\\/\",\"url\":\"https:\\\/\\\/travelabspain.com\\\/fr\\\/destinations\\\/baleares\\\/menorca\\\/\",\"name\":\"Menorca - Travelabspain\",\"isPartOf\":{\"@id\":\"https:\\\/\\\/travelabspain.com\\\/#website\"},\"datePublished\":\"2024-08-09T11:40:56+00:00\",\"dateModified\":\"2024-10-31T10:50:31+00:00\",\"breadcrumb\":{\"@id\":\"https:\\\/\\\/travelabspain.com\\\/fr\\\/destinations\\\/baleares\\\/menorca\\\/#breadcrumb\"},\"inLanguage\":\"fr-FR\",\"potentialAction\":[{\"@type\":\"ReadAction\",\"target\":[\"https:\\\/\\\/travelabspain.com\\\/fr\\\/destinations\\\/baleares\\\/menorca\\\/\"]}]},{\"@type\":\"BreadcrumbList\",\"@id\":\"https:\\\/\\\/travelabspain.com\\\/fr\\\/destinations\\\/baleares\\\/menorca\\\/#breadcrumb\",\"itemListElement\":[{\"@type\":\"ListItem\",\"position\":1,\"name\":\"Home\",\"item\":\"https:\\\/\\\/travelabspain.com\\\/fr\\\/\"},{\"@type\":\"ListItem\",\"position\":2,\"name\":\"Destinations\",\"item\":\"https:\\\/\\\/travelabspain.com\\\/fr\\\/destinations\\\/\"},{\"@type\":\"ListItem\",\"position\":3,\"name\":\"Baleares\",\"item\":\"https:\\\/\\\/travelabspain.com\\\/fr\\\/destinations\\\/baleares\\\/\"},{\"@type\":\"ListItem\",\"position\":4,\"name\":\"Menorca\"}]},{\"@type\":\"WebSite\",\"@id\":\"https:\\\/\\\/travelabspain.com\\\/#website\",\"url\":\"https:\\\/\\\/travelabspain.com\\\/\",\"name\":\"Travelabspain\",\"description\":\"\",\"publisher\":{\"@id\":\"https:\\\/\\\/travelabspain.com\\\/#organization\"},\"potentialAction\":[{\"@type\":\"SearchAction\",\"target\":{\"@type\":\"EntryPoint\",\"urlTemplate\":\"https:\\\/\\\/travelabspain.com\\\/?s={search_term_string}\"},\"query-input\":{\"@type\":\"PropertyValueSpecification\",\"valueRequired\":true,\"valueName\":\"search_term_string\"}}],\"inLanguage\":\"fr-FR\"},{\"@type\":\"Organization\",\"@id\":\"https:\\\/\\\/travelabspain.com\\\/#organization\",\"name\":\"Travelabspain\",\"url\":\"https:\\\/\\\/travelabspain.com\\\/\",\"logo\":{\"@type\":\"ImageObject\",\"inLanguage\":\"fr-FR\",\"@id\":\"https:\\\/\\\/travelabspain.com\\\/#\\\/schema\\\/logo\\\/image\\\/\",\"url\":\"\",\"contentUrl\":\"\",\"caption\":\"Travelabspain\"},\"image\":{\"@id\":\"https:\\\/\\\/travelabspain.com\\\/#\\\/schema\\\/logo\\\/image\\\/\"},\"sameAs\":[\"https:\\\/\\\/www.facebook.com\\\/AlshotPhotography\\\/\",\"https:\\\/\\\/www.instagram.com\\\/alshotphotography\\\/\"]}]}<\/script>\n<!-- \/ Yoast SEO plugin. -->","yoast_head_json":{"title":"Menorca - Travelabspain","robots":{"index":"index","follow":"follow","max-snippet":"max-snippet:-1","max-image-preview":"max-image-preview:large","max-video-preview":"max-video-preview:-1"},"canonical":"https:\/\/travelabspain.com\/fr\/destinations\/baleares\/menorca\/","og_locale":"fr_FR","og_type":"article","og_title":"Menorca - Travelabspain","og_url":"https:\/\/travelabspain.com\/fr\/destinations\/baleares\/menorca\/","og_site_name":"Travelabspain","article_publisher":"https:\/\/www.facebook.com\/AlshotPhotography\/","article_modified_time":"2024-10-31T10:50:31+00:00","twitter_card":"summary_large_image","schema":{"@context":"https:\/\/schema.org","@graph":[{"@type":"WebPage","@id":"https:\/\/travelabspain.com\/fr\/destinations\/baleares\/menorca\/","url":"https:\/\/travelabspain.com\/fr\/destinations\/baleares\/menorca\/","name":"Menorca - Travelabspain","isPartOf":{"@id":"https:\/\/travelabspain.com\/#website"},"datePublished":"2024-08-09T11:40:56+00:00","dateModified":"2024-10-31T10:50:31+00:00","breadcrumb":{"@id":"https:\/\/travelabspain.com\/fr\/destinations\/baleares\/menorca\/#breadcrumb"},"inLanguage":"fr-FR","potentialAction":[{"@type":"ReadAction","target":["https:\/\/travelabspain.com\/fr\/destinations\/baleares\/menorca\/"]}]},{"@type":"BreadcrumbList","@id":"https:\/\/travelabspain.com\/fr\/destinations\/baleares\/menorca\/#breadcrumb","itemListElement":[{"@type":"ListItem","position":1,"name":"Home","item":"https:\/\/travelabspain.com\/fr\/"},{"@type":"ListItem","position":2,"name":"Destinations","item":"https:\/\/travelabspain.com\/fr\/destinations\/"},{"@type":"ListItem","position":3,"name":"Baleares","item":"https:\/\/travelabspain.com\/fr\/destinations\/baleares\/"},{"@type":"ListItem","position":4,"name":"Menorca"}]},{"@type":"WebSite","@id":"https:\/\/travelabspain.com\/#website","url":"https:\/\/travelabspain.com\/","name":"Travelabspain","description":"","publisher":{"@id":"https:\/\/travelabspain.com\/#organization"},"potentialAction":[{"@type":"SearchAction","target":{"@type":"EntryPoint","urlTemplate":"https:\/\/travelabspain.com\/?s={search_term_string}"},"query-input":{"@type":"PropertyValueSpecification","valueRequired":true,"valueName":"search_term_string"}}],"inLanguage":"fr-FR"},{"@type":"Organization","@id":"https:\/\/travelabspain.com\/#organization","name":"Travelabspain","url":"https:\/\/travelabspain.com\/","logo":{"@type":"ImageObject","inLanguage":"fr-FR","@id":"https:\/\/travelabspain.com\/#\/schema\/logo\/image\/","url":"","contentUrl":"","caption":"Travelabspain"},"image":{"@id":"https:\/\/travelabspain.com\/#\/schema\/logo\/image\/"},"sameAs":["https:\/\/www.facebook.com\/AlshotPhotography\/","https:\/\/www.instagram.com\/alshotphotography\/"]}]}},"_links":{"self":[{"href":"https:\/\/travelabspain.com\/fr\/wp-json\/wp\/v2\/pages\/3331","targetHints":{"allow":["GET"]}}],"collection":[{"href":"https:\/\/travelabspain.com\/fr\/wp-json\/wp\/v2\/pages"}],"about":[{"href":"https:\/\/travelabspain.com\/fr\/wp-json\/wp\/v2\/types\/page"}],"author":[{"embeddable":true,"href":"https:\/\/travelabspain.com\/fr\/wp-json\/wp\/v2\/users\/6"}],"replies":[{"embeddable":true,"href":"https:\/\/travelabspain.com\/fr\/wp-json\/wp\/v2\/comments?post=3331"}],"version-history":[{"count":1,"href":"https:\/\/travelabspain.com\/fr\/wp-json\/wp\/v2\/pages\/3331\/revisions"}],"predecessor-version":[{"id":3332,"href":"https:\/\/travelabspain.com\/fr\/wp-json\/wp\/v2\/pages\/3331\/revisions\/3332"}],"up":[{"embeddable":true,"href":"https:\/\/travelabspain.com\/fr\/wp-json\/wp\/v2\/pages\/3314"}],"wp:attachment":[{"href":"https:\/\/travelabspain.com\/fr\/wp-json\/wp\/v2\/media?parent=3331"}],"curies":[{"name":"wp","href":"https:\/\/api.w.org\/{rel}","templated":true}]}}