{"id":3486,"date":"2024-09-05T16:56:36","date_gmt":"2024-09-05T14:56:36","guid":{"rendered":"https:\/\/travelabspain.com\/politica-de-privacidad\/"},"modified":"2024-11-11T17:07:06","modified_gmt":"2024-11-11T16:07:06","slug":"politica-sulla-riservatezza","status":"publish","type":"page","link":"https:\/\/travelabspain.com\/it\/politica-sulla-riservatezza\/","title":{"rendered":"Politica sulla riservatezza"},"content":{"rendered":"<p><div class=\"fusion-fullwidth fullwidth-box fusion-builder-row-1 fusion-flex-container has-pattern-background has-mask-background nonhundred-percent-fullwidth non-hundred-percent-height-scrolling fusion-no-small-visibility fusion-sticky-container\" style=\"--awb-background-position:left top;--awb-border-sizes-top:0px;--awb-border-sizes-bottom:0px;--awb-border-sizes-left:0px;--awb-border-sizes-right:0px;--awb-border-radius-top-left:0px;--awb-border-radius-top-right:0px;--awb-border-radius-bottom-right:0px;--awb-border-radius-bottom-left:0px;--awb-margin-top:0px;--awb-margin-bottom:0px;--awb-sticky-background-color:#2e2f32 !important;--awb-flex-wrap:wrap;\" id=\"containerMenuAfterImage\" data-transition-offset=\"0\" data-sticky-offset=\"119px\" data-scroll-offset=\"0\" data-sticky-small-visibility=\"1\" data-sticky-medium-visibility=\"1\" data-sticky-large-visibility=\"1\" ><div class=\"fusion-builder-row fusion-row fusion-flex-align-items-center fusion-flex-justify-content-space-evenly fusion-flex-content-wrap\" style=\"max-width:calc( 1200px + 0px );margin-left: calc(-0px \/ 2 );margin-right: calc(-0px \/ 2 );\"><div class=\"fusion-layout-column fusion_builder_column fusion-builder-column-0 fusion_builder_column_1_1 1_1 fusion-flex-column\" style=\"--awb-bg-size:cover;--awb-width-large:100%;--awb-margin-top-large:0px;--awb-spacing-right-large:0px;--awb-margin-bottom-large:0px;--awb-spacing-left-large:0px;--awb-width-medium:100%;--awb-order-medium:0;--awb-spacing-right-medium:0px;--awb-spacing-left-medium:0px;--awb-width-small:100%;--awb-order-small:0;--awb-spacing-right-small:0px;--awb-margin-bottom-small:20px;--awb-spacing-left-small:0px;\"><div class=\"fusion-column-wrapper fusion-column-has-shadow fusion-flex-justify-content-flex-start fusion-content-layout-column\"><nav class=\"awb-menu awb-menu_row awb-menu_em-hover mobile-mode-collapse-to-button awb-menu_icons-left awb-menu_dc-yes mobile-trigger-fullwidth-off awb-menu_mobile-toggle awb-menu_indent-left mobile-size-full-absolute loading mega-menu-loading awb-menu_desktop awb-menu_dropdown awb-menu_expand-right awb-menu_transition-fade fusion-no-small-visibility\" style=\"--awb-line-height:40px;--awb-margin-top:20px;--awb-margin-bottom:20px;--awb-text-transform:uppercase;--awb-align-items:center;--awb-justify-content:space-between;--awb-items-padding-top:10px;--awb-items-padding-right:25px;--awb-items-padding-bottom:10px;--awb-items-padding-left:25px;--awb-border-color:#ffffff;--awb-border-top:1px;--awb-border-right:1px;--awb-border-bottom:1px;--awb-border-left:1px;--awb-color:#ffffff;--awb-active-color:#ffffff;--awb-active-bg:#0074ff;--awb-active-border-top:1px;--awb-active-border-right:1px;--awb-active-border-bottom:1px;--awb-active-border-left:1px;--awb-active-border-color:#ffffff;--awb-submenu-items-padding-top:10px;--awb-submenu-items-padding-right:25px;--awb-submenu-items-padding-bottom:10px;--awb-submenu-items-padding-left:25px;--awb-submenu-active-color:#c62471;--awb-submenu-font-size:16px;--awb-submenu-text-transform:uppercase;--awb-submenu-line-height:40px;--awb-icons-color:#ffffff;--awb-icons-hover-color:#ffffff;--awb-main-justify-content:flex-start;--awb-justify-title:flex-start;--awb-mobile-justify:flex-start;--awb-mobile-caret-left:auto;--awb-mobile-caret-right:0;--awb-fusion-font-family-typography:&quot;Raleway&quot;;--awb-fusion-font-style-typography:normal;--awb-fusion-font-weight-typography:600;--awb-fusion-font-family-submenu-typography:&quot;Raleway&quot;;--awb-fusion-font-style-submenu-typography:normal;--awb-fusion-font-weight-submenu-typography:600;--awb-fusion-font-family-mobile-typography:inherit;--awb-fusion-font-style-mobile-typography:normal;--awb-fusion-font-weight-mobile-typography:400;\" aria-label=\"menu travelabspain\" data-breakpoint=\"1024\" data-count=\"0\" data-transition-type=\"fade\" data-transition-time=\"300\" data-expand=\"right\" id=\"menuAfterImage\"><button type=\"button\" class=\"awb-menu__m-toggle awb-menu__m-toggle_no-text\" aria-expanded=\"false\" aria-controls=\"menu-menu-travelabspain\"><span class=\"awb-menu__m-toggle-inner\"><span class=\"collapsed-nav-text\"><span class=\"screen-reader-text\">Toggle Navigation<\/span><\/span><span class=\"awb-menu__m-collapse-icon awb-menu__m-collapse-icon_no-text\"><span class=\"awb-menu__m-collapse-icon-open awb-menu__m-collapse-icon-open_no-text fa-bars fas\"><\/span><span class=\"awb-menu__m-collapse-icon-close awb-menu__m-collapse-icon-close_no-text fa-times fas\"><\/span><\/span><\/span><\/button><ul id=\"menu-menu-travelabspain\" class=\"fusion-menu awb-menu__main-ul awb-menu__main-ul_row\"><li  id=\"menu-item-2323\"  class=\"menu-item menu-item-type-post_type menu-item-object-page menu-item-home menu-item-2323 awb-menu__li awb-menu__main-li awb-menu__main-li_regular\"  data-item-id=\"2323\"><span class=\"awb-menu__main-background-default awb-menu__main-background-default_fade\"><\/span><span class=\"awb-menu__main-background-active awb-menu__main-background-active_fade\"><\/span><a  href=\"https:\/\/travelabspain.com\/home\/\" class=\"awb-menu__main-a awb-menu__main-a_regular\"><span class=\"menu-text\">Home<\/span><\/a><\/li><li  id=\"menu-item-2309\"  class=\"menu-item menu-item-type-post_type menu-item-object-page menu-item-2309 awb-menu__li awb-menu__main-li awb-menu__main-li_regular\"  data-item-id=\"2309\"><span class=\"awb-menu__main-background-default awb-menu__main-background-default_fade\"><\/span><span class=\"awb-menu__main-background-active awb-menu__main-background-active_fade\"><\/span><a  href=\"https:\/\/travelabspain.com\/servicios\/\" class=\"awb-menu__main-a awb-menu__main-a_regular\"><span class=\"menu-text\">Servizi<\/span><\/a><\/li><li  id=\"menu-item-2310\"  class=\"menu-item menu-item-type-post_type menu-item-object-page menu-item-2310 awb-menu__li awb-menu__main-li awb-menu__main-li_regular\"  data-item-id=\"2310\"><span class=\"awb-menu__main-background-default awb-menu__main-background-default_fade\"><\/span><span class=\"awb-menu__main-background-active awb-menu__main-background-active_fade\"><\/span><a  href=\"https:\/\/travelabspain.com\/destinos\/\" class=\"awb-menu__main-a awb-menu__main-a_regular\"><span class=\"menu-text\">Destinazioni<\/span><\/a><\/li><li  id=\"menu-item-2801\"  class=\"nuestro-producto menu-item menu-item-type-post_type menu-item-object-page menu-item-2801 awb-menu__li awb-menu__main-li awb-menu__main-li_regular\"  data-classes=\"nuestro-producto\" data-item-id=\"2801\"><span class=\"awb-menu__main-background-default awb-menu__main-background-default_fade\"><\/span><span class=\"awb-menu__main-background-active awb-menu__main-background-active_fade\"><\/span><a  href=\"https:\/\/travelabspain.com\/nuestro-producto\/\" class=\"awb-menu__main-a awb-menu__main-a_regular\"><span class=\"menu-text\">Il nostro prodotto<\/span><\/a><\/li><li  id=\"menu-item-2312\"  class=\"nosotros menu-item menu-item-type-post_type menu-item-object-page menu-item-2312 awb-menu__li awb-menu__main-li awb-menu__main-li_regular\"  data-classes=\"nosotros\" data-item-id=\"2312\"><span class=\"awb-menu__main-background-default awb-menu__main-background-default_fade\"><\/span><span class=\"awb-menu__main-background-active awb-menu__main-background-active_fade\"><\/span><a  href=\"https:\/\/travelabspain.com\/nosotros\/\" class=\"awb-menu__main-a awb-menu__main-a_regular\"><span class=\"menu-text\">Chi siamo<\/span><\/a><\/li><li  id=\"menu-item-2313\"  class=\"menu-item menu-item-type-post_type menu-item-object-page menu-item-2313 awb-menu__li awb-menu__main-li awb-menu__main-li_regular\"  data-item-id=\"2313\"><span class=\"awb-menu__main-background-default awb-menu__main-background-default_fade\"><\/span><span class=\"awb-menu__main-background-active awb-menu__main-background-active_fade\"><\/span><a  href=\"https:\/\/travelabspain.com\/contacto\/\" class=\"awb-menu__main-a awb-menu__main-a_regular\"><span class=\"menu-text\">Contatto<\/span><\/a><\/li><\/ul><\/nav><\/div><\/div><\/div><\/div>\n<div class=\"fusion-fullwidth fullwidth-box fusion-builder-row-2 fusion-flex-container nonhundred-percent-fullwidth non-hundred-percent-height-scrolling\" style=\"--awb-border-radius-top-left:0px;--awb-border-radius-top-right:0px;--awb-border-radius-bottom-right:0px;--awb-border-radius-bottom-left:0px;--awb-flex-wrap:wrap;\" ><div class=\"fusion-builder-row fusion-row fusion-flex-align-items-flex-start fusion-flex-content-wrap\" style=\"max-width:1248px;margin-left: calc(-4% \/ 2 );margin-right: calc(-4% \/ 2 );\"><div class=\"fusion-layout-column fusion_builder_column fusion-builder-column-1 fusion_builder_column_1_1 1_1 fusion-flex-column\" style=\"--awb-bg-size:cover;--awb-width-large:100%;--awb-margin-top-large:0px;--awb-spacing-right-large:1.92%;--awb-margin-bottom-large:0px;--awb-spacing-left-large:1.92%;--awb-width-medium:100%;--awb-spacing-right-medium:1.92%;--awb-spacing-left-medium:1.92%;--awb-width-small:100%;--awb-spacing-right-small:1.92%;--awb-spacing-left-small:1.92%;\"><div class=\"fusion-column-wrapper fusion-flex-justify-content-flex-start fusion-content-layout-column\"><div class=\"fusion-text fusion-text-1\" style=\"--awb-text-color:#ffffff;\"><table class=\"col-6 table table-borderless table-sm\">\n<tbody>\n<tr>\n<td>\n<h3 style=\"text-align: right;\">Informazioni di base sulla protezione dei dati<\/h3>\n<\/td>\n<\/tr>\n<tr>\n<td style=\"text-align: right;\">Finalit\u00e0:<\/td>\n<td style=\"text-align: left;\">Gestione del rapporto con i clienti potenziali<\/td>\n<\/tr>\n<tr>\n<td style=\"text-align: right;\">Legittimazione:<\/td>\n<td>Consenso dell&#8217;interessato.<\/td>\n<\/tr>\n<tr>\n<td style=\"text-align: right;\">Destinatari:<\/td>\n<td style=\"text-align: left;\">I dati non saranno ceduti a terzi, salvo obbligo legale.<\/td>\n<\/tr>\n<tr>\n<td style=\"text-align: right;\">Diritti:<\/td>\n<td style=\"text-align: left;\">Ha il diritto di accedere, rettificare e cancellare i dati, nonch\u00e9 altri diritti indicati nelle informazioni aggiuntive, che pu\u00f2 esercitare rivolgendosi all&#8217;indirizzo del responsabile del trattamento.<\/td>\n<\/tr>\n<tr>\n<td style=\"text-align: right;\">Provenienza:<\/td>\n<td style=\"text-align: left;\">L&#8217;interessato stesso.<\/td>\n<\/tr>\n<tr>\n<td style=\"text-align: right;\">Informazioni aggiuntive:<\/td>\n<td style=\"text-align: left;\">Pu\u00f2 consultare informazioni aggiuntive e dettagliate sulla protezione dei dati nel nostro sito web: www.travelabspain.com<\/td>\n<\/tr>\n<\/tbody>\n<\/table>\n<h3>Chi \u00e8 il responsabile del trattamento dei suoi dati?<\/h3>\n<table style=\"height: 238px;\" width=\"809\">\n<tbody>\n<tr>\n<td width=\"173\">NOME FISCALE<\/td>\n<td width=\"441\">TRAVELAB SPAIN S.L.U<\/td>\n<\/tr>\n<tr>\n<td width=\"173\">ID FISCALE (CIF)<\/td>\n<td width=\"441\">B66390535<\/td>\n<\/tr>\n<tr>\n<td width=\"173\">INDIRIZZO<\/td>\n<td width=\"441\">GRAN VIA DE LES CORTS CATALANES, 583<\/td>\n<\/tr>\n<tr>\n<td width=\"173\">CITT\u00c0<\/td>\n<td width=\"441\">08011 \u2013 BARCELLONA<\/td>\n<\/tr>\n<tr>\n<td width=\"173\">TELEFONO<\/td>\n<td width=\"441\">872209444<\/td>\n<\/tr>\n<tr>\n<td width=\"173\">E-MAIL<\/td>\n<td width=\"441\"><a href=\"mailto:admin@travelabspain.com\">admin@travelabspain.com<\/a><\/td>\n<\/tr>\n<tr>\n<td width=\"173\">REGISTRO COMMERCIALE<\/td>\n<td width=\"441\">R.M Barcelona, Tomo 44524, Folio 0112. Foglio 458708, Iscrizione 1\u00aa<\/td>\n<\/tr>\n<\/tbody>\n<\/table>\n<h3>Per quale scopo trattiamo i suoi dati personali?<\/h3>\n<p>In TRAVELAB SPAIN S.L.U trattiamo le informazioni fornite dalle persone interessate al fine di gestire i servizi richiesti e inviare comunicazioni commerciali sui nostri prodotti e servizi.<\/p>\n<h3>Per quanto tempo conserveremo i suoi dati?<\/h3>\n<p>I dati saranno conservati per tutta la durata del rapporto commerciale e, se necessario, per gli anni necessari a soddisfare gli obblighi legali.<\/p>\n<h3>Qual \u00e8 la legittimazione per il trattamento dei suoi dati?<\/h3>\n<p>Le indichiamo la base legale per il trattamento dei suoi dati:<\/p>\n<ul>\n<li>Consenso dell&#8217;interessato: L&#8217;utente consente il trattamento dei propri dati per la finalit\u00e0 indicata.<\/li>\n<\/ul>\n<h3>A quali destinatari verranno comunicati i suoi dati?<\/h3>\n<p>I dati non verranno ceduti a terzi, salvo obbligo legale.<\/p>\n<h3>Trasferimenti di dati verso paesi terzi?<\/h3>\n<p>Non sono previsti trasferimenti di dati verso paesi terzi.<\/p>\n<h3>Quali sono i suoi diritti quando ci fornisce i suoi dati?<\/h3>\n<p>Chiunque ha diritto a ottenere conferma del fatto che in TRAVELAB SPAIN S.L.U stiamo trattando dati personali che li riguardano o meno. Gli interessati hanno il diritto di accedere ai propri dati personali, nonch\u00e9 di richiedere la rettifica dei dati inesatti o, se del caso, chiedere la loro cancellazione quando, tra l&#8217;altro, i dati non siano pi\u00f9 necessari per gli scopi per cui sono stati raccolti. In determinate circostanze, gli interessati possono chiedere la limitazione del trattamento dei propri dati, nel qual caso li conserveremo solo per l&#8217;esercizio o la difesa di reclami. In determinate circostanze e per motivi legati alla loro situazione particolare, gli interessati possono opporsi al trattamento dei propri dati. In tal caso, TRAVELAB SPAIN S.L.U smetter\u00e0 di trattare i dati, salvo motivi legittimi imperiosi, o per l&#8217;esercizio o la difesa di possibili reclami. Pu\u00f2 esercitare materialmente i suoi diritti nel seguente modo: Ha il diritto di accedere, rettificare e cancellare i dati, nonch\u00e9 altri diritti, indicati nelle informazioni aggiuntive, che pu\u00f2 esercitare rivolgendosi all&#8217;indirizzo del responsabile del trattamento. Se ha prestato il consenso per una finalit\u00e0 specifica, ha il diritto di ritirare il consenso in qualsiasi momento, senza che ci\u00f2 pregiudichi la legittimit\u00e0 del trattamento basato sul consenso prestato prima del suo ritiro. Nel caso in cui ritenga che i suoi diritti relativi alla protezione dei suoi dati personali siano stati violati, in particolare quando non ha ottenuto soddisfazione nell&#8217;esercizio dei suoi diritti, pu\u00f2 presentare un reclamo all&#8217;Autorit\u00e0 di Controllo competente in materia di protezione dei dati attraverso il suo sito web: www.agpd.es.<\/p>\n<h3>COME ABBIAMO OTTENUTO I SUOI DATI?<\/h3>\n<p>I dati personali che trattiamo in TRAVELAB SPAIN S.L.U provengono dallo stesso interessato. Le categorie di dati trattati sono:<\/p>\n<ul>\n<li>Dati identificativi<\/li>\n<li>Indirizzi postali ed elettronici<\/li>\n<li>Informazioni commerciali<\/li>\n<\/ul>\n<p>Non vengono trattate categorie speciali di dati personali (sono quei dati che rivelano l&#8217;origine etnica o razziale, le opinioni politiche, le convinzioni religiose o filosofiche, o l&#8217;affiliazione sindacale, i dati genetici, i dati biometrici diretti a identificare in modo univoco una persona fisica, i dati relativi alla salute o i dati relativi alla vita sessuale o all&#8217;orientamento sessuale di una persona fisica).<\/p>\n<\/div><\/div><\/div><\/div><\/div><\/p>\n","protected":false},"excerpt":{"rendered":"","protected":false},"author":6,"featured_media":0,"parent":0,"menu_order":0,"comment_status":"closed","ping_status":"closed","template":"","meta":{"_themeisle_gutenberg_block_has_review":false,"footnotes":""},"class_list":["post-3486","page","type-page","status-publish","hentry"],"yoast_head":"<!-- This site is optimized with the Yoast SEO plugin v27.5 - https:\/\/yoast.com\/product\/yoast-seo-wordpress\/ -->\n<title>Politica sulla riservatezza - Travelabspain<\/title>\n<meta name=\"robots\" content=\"index, follow, max-snippet:-1, max-image-preview:large, max-video-preview:-1\" \/>\n<link rel=\"canonical\" href=\"https:\/\/travelabspain.com\/it\/politica-sulla-riservatezza\/\" \/>\n<meta property=\"og:locale\" content=\"it_IT\" \/>\n<meta property=\"og:type\" content=\"article\" \/>\n<meta property=\"og:title\" content=\"Politica sulla riservatezza - Travelabspain\" \/>\n<meta property=\"og:url\" content=\"https:\/\/travelabspain.com\/it\/politica-sulla-riservatezza\/\" \/>\n<meta property=\"og:site_name\" content=\"Travelabspain\" \/>\n<meta property=\"article:publisher\" content=\"https:\/\/www.facebook.com\/AlshotPhotography\/\" \/>\n<meta property=\"article:modified_time\" content=\"2024-11-11T16:07:06+00:00\" \/>\n<meta name=\"twitter:card\" content=\"summary_large_image\" \/>\n<script type=\"application\/ld+json\" class=\"yoast-schema-graph\">{\"@context\":\"https:\\\/\\\/schema.org\",\"@graph\":[{\"@type\":\"WebPage\",\"@id\":\"https:\\\/\\\/travelabspain.com\\\/it\\\/politica-sulla-riservatezza\\\/\",\"url\":\"https:\\\/\\\/travelabspain.com\\\/it\\\/politica-sulla-riservatezza\\\/\",\"name\":\"Politica sulla riservatezza - Travelabspain\",\"isPartOf\":{\"@id\":\"https:\\\/\\\/travelabspain.com\\\/#website\"},\"datePublished\":\"2024-09-05T14:56:36+00:00\",\"dateModified\":\"2024-11-11T16:07:06+00:00\",\"breadcrumb\":{\"@id\":\"https:\\\/\\\/travelabspain.com\\\/it\\\/politica-sulla-riservatezza\\\/#breadcrumb\"},\"inLanguage\":\"it-IT\",\"potentialAction\":[{\"@type\":\"ReadAction\",\"target\":[\"https:\\\/\\\/travelabspain.com\\\/it\\\/politica-sulla-riservatezza\\\/\"]}]},{\"@type\":\"BreadcrumbList\",\"@id\":\"https:\\\/\\\/travelabspain.com\\\/it\\\/politica-sulla-riservatezza\\\/#breadcrumb\",\"itemListElement\":[{\"@type\":\"ListItem\",\"position\":1,\"name\":\"Home\",\"item\":\"https:\\\/\\\/travelabspain.com\\\/it\\\/\"},{\"@type\":\"ListItem\",\"position\":2,\"name\":\"Politica sulla riservatezza\"}]},{\"@type\":\"WebSite\",\"@id\":\"https:\\\/\\\/travelabspain.com\\\/#website\",\"url\":\"https:\\\/\\\/travelabspain.com\\\/\",\"name\":\"Travelabspain\",\"description\":\"\",\"publisher\":{\"@id\":\"https:\\\/\\\/travelabspain.com\\\/#organization\"},\"potentialAction\":[{\"@type\":\"SearchAction\",\"target\":{\"@type\":\"EntryPoint\",\"urlTemplate\":\"https:\\\/\\\/travelabspain.com\\\/?s={search_term_string}\"},\"query-input\":{\"@type\":\"PropertyValueSpecification\",\"valueRequired\":true,\"valueName\":\"search_term_string\"}}],\"inLanguage\":\"it-IT\"},{\"@type\":\"Organization\",\"@id\":\"https:\\\/\\\/travelabspain.com\\\/#organization\",\"name\":\"Travelabspain\",\"url\":\"https:\\\/\\\/travelabspain.com\\\/\",\"logo\":{\"@type\":\"ImageObject\",\"inLanguage\":\"it-IT\",\"@id\":\"https:\\\/\\\/travelabspain.com\\\/#\\\/schema\\\/logo\\\/image\\\/\",\"url\":\"\",\"contentUrl\":\"\",\"caption\":\"Travelabspain\"},\"image\":{\"@id\":\"https:\\\/\\\/travelabspain.com\\\/#\\\/schema\\\/logo\\\/image\\\/\"},\"sameAs\":[\"https:\\\/\\\/www.facebook.com\\\/AlshotPhotography\\\/\",\"https:\\\/\\\/www.instagram.com\\\/alshotphotography\\\/\"]}]}<\/script>\n<!-- \/ Yoast SEO plugin. -->","yoast_head_json":{"title":"Politica sulla riservatezza - Travelabspain","robots":{"index":"index","follow":"follow","max-snippet":"max-snippet:-1","max-image-preview":"max-image-preview:large","max-video-preview":"max-video-preview:-1"},"canonical":"https:\/\/travelabspain.com\/it\/politica-sulla-riservatezza\/","og_locale":"it_IT","og_type":"article","og_title":"Politica sulla riservatezza - Travelabspain","og_url":"https:\/\/travelabspain.com\/it\/politica-sulla-riservatezza\/","og_site_name":"Travelabspain","article_publisher":"https:\/\/www.facebook.com\/AlshotPhotography\/","article_modified_time":"2024-11-11T16:07:06+00:00","twitter_card":"summary_large_image","schema":{"@context":"https:\/\/schema.org","@graph":[{"@type":"WebPage","@id":"https:\/\/travelabspain.com\/it\/politica-sulla-riservatezza\/","url":"https:\/\/travelabspain.com\/it\/politica-sulla-riservatezza\/","name":"Politica sulla riservatezza - Travelabspain","isPartOf":{"@id":"https:\/\/travelabspain.com\/#website"},"datePublished":"2024-09-05T14:56:36+00:00","dateModified":"2024-11-11T16:07:06+00:00","breadcrumb":{"@id":"https:\/\/travelabspain.com\/it\/politica-sulla-riservatezza\/#breadcrumb"},"inLanguage":"it-IT","potentialAction":[{"@type":"ReadAction","target":["https:\/\/travelabspain.com\/it\/politica-sulla-riservatezza\/"]}]},{"@type":"BreadcrumbList","@id":"https:\/\/travelabspain.com\/it\/politica-sulla-riservatezza\/#breadcrumb","itemListElement":[{"@type":"ListItem","position":1,"name":"Home","item":"https:\/\/travelabspain.com\/it\/"},{"@type":"ListItem","position":2,"name":"Politica sulla riservatezza"}]},{"@type":"WebSite","@id":"https:\/\/travelabspain.com\/#website","url":"https:\/\/travelabspain.com\/","name":"Travelabspain","description":"","publisher":{"@id":"https:\/\/travelabspain.com\/#organization"},"potentialAction":[{"@type":"SearchAction","target":{"@type":"EntryPoint","urlTemplate":"https:\/\/travelabspain.com\/?s={search_term_string}"},"query-input":{"@type":"PropertyValueSpecification","valueRequired":true,"valueName":"search_term_string"}}],"inLanguage":"it-IT"},{"@type":"Organization","@id":"https:\/\/travelabspain.com\/#organization","name":"Travelabspain","url":"https:\/\/travelabspain.com\/","logo":{"@type":"ImageObject","inLanguage":"it-IT","@id":"https:\/\/travelabspain.com\/#\/schema\/logo\/image\/","url":"","contentUrl":"","caption":"Travelabspain"},"image":{"@id":"https:\/\/travelabspain.com\/#\/schema\/logo\/image\/"},"sameAs":["https:\/\/www.facebook.com\/AlshotPhotography\/","https:\/\/www.instagram.com\/alshotphotography\/"]}]}},"_links":{"self":[{"href":"https:\/\/travelabspain.com\/it\/wp-json\/wp\/v2\/pages\/3486","targetHints":{"allow":["GET"]}}],"collection":[{"href":"https:\/\/travelabspain.com\/it\/wp-json\/wp\/v2\/pages"}],"about":[{"href":"https:\/\/travelabspain.com\/it\/wp-json\/wp\/v2\/types\/page"}],"author":[{"embeddable":true,"href":"https:\/\/travelabspain.com\/it\/wp-json\/wp\/v2\/users\/6"}],"replies":[{"embeddable":true,"href":"https:\/\/travelabspain.com\/it\/wp-json\/wp\/v2\/comments?post=3486"}],"version-history":[{"count":2,"href":"https:\/\/travelabspain.com\/it\/wp-json\/wp\/v2\/pages\/3486\/revisions"}],"predecessor-version":[{"id":3488,"href":"https:\/\/travelabspain.com\/it\/wp-json\/wp\/v2\/pages\/3486\/revisions\/3488"}],"wp:attachment":[{"href":"https:\/\/travelabspain.com\/it\/wp-json\/wp\/v2\/media?parent=3486"}],"curies":[{"name":"wp","href":"https:\/\/api.w.org\/{rel}","templated":true}]}}