{"id":3497,"date":"2024-09-05T17:30:45","date_gmt":"2024-09-05T15:30:45","guid":{"rendered":"https:\/\/travelabspain.com\/aviso-legal\/"},"modified":"2024-11-12T08:35:00","modified_gmt":"2024-11-12T07:35:00","slug":"note-legali","status":"publish","type":"page","link":"https:\/\/travelabspain.com\/it\/note-legali\/","title":{"rendered":"Note legali"},"content":{"rendered":"<p><div class=\"fusion-fullwidth fullwidth-box fusion-builder-row-1 fusion-flex-container has-pattern-background has-mask-background nonhundred-percent-fullwidth non-hundred-percent-height-scrolling fusion-no-small-visibility fusion-sticky-container\" style=\"--awb-background-position:left top;--awb-border-sizes-top:0px;--awb-border-sizes-bottom:0px;--awb-border-sizes-left:0px;--awb-border-sizes-right:0px;--awb-border-radius-top-left:0px;--awb-border-radius-top-right:0px;--awb-border-radius-bottom-right:0px;--awb-border-radius-bottom-left:0px;--awb-margin-top:0px;--awb-margin-bottom:0px;--awb-sticky-background-color:#2e2f32 !important;--awb-flex-wrap:wrap;\" id=\"containerMenuAfterImage\" data-transition-offset=\"0\" data-sticky-offset=\"119px\" data-scroll-offset=\"0\" data-sticky-small-visibility=\"1\" data-sticky-medium-visibility=\"1\" data-sticky-large-visibility=\"1\" ><div class=\"fusion-builder-row fusion-row fusion-flex-align-items-center fusion-flex-justify-content-space-evenly fusion-flex-content-wrap\" style=\"max-width:calc( 1200px + 0px );margin-left: calc(-0px \/ 2 );margin-right: calc(-0px \/ 2 );\"><div class=\"fusion-layout-column fusion_builder_column fusion-builder-column-0 fusion_builder_column_1_1 1_1 fusion-flex-column\" style=\"--awb-bg-size:cover;--awb-width-large:100%;--awb-margin-top-large:0px;--awb-spacing-right-large:0px;--awb-margin-bottom-large:0px;--awb-spacing-left-large:0px;--awb-width-medium:100%;--awb-order-medium:0;--awb-spacing-right-medium:0px;--awb-spacing-left-medium:0px;--awb-width-small:100%;--awb-order-small:0;--awb-spacing-right-small:0px;--awb-margin-bottom-small:20px;--awb-spacing-left-small:0px;\"><div class=\"fusion-column-wrapper fusion-column-has-shadow fusion-flex-justify-content-flex-start fusion-content-layout-column\"><nav class=\"awb-menu awb-menu_row awb-menu_em-hover mobile-mode-collapse-to-button awb-menu_icons-left awb-menu_dc-yes mobile-trigger-fullwidth-off awb-menu_mobile-toggle awb-menu_indent-left mobile-size-full-absolute loading mega-menu-loading awb-menu_desktop awb-menu_dropdown awb-menu_expand-right awb-menu_transition-fade fusion-no-small-visibility\" style=\"--awb-line-height:40px;--awb-margin-top:20px;--awb-margin-bottom:20px;--awb-text-transform:uppercase;--awb-align-items:center;--awb-justify-content:space-between;--awb-items-padding-top:10px;--awb-items-padding-right:25px;--awb-items-padding-bottom:10px;--awb-items-padding-left:25px;--awb-border-color:#ffffff;--awb-border-top:1px;--awb-border-right:1px;--awb-border-bottom:1px;--awb-border-left:1px;--awb-color:#ffffff;--awb-active-color:#ffffff;--awb-active-bg:#0074ff;--awb-active-border-top:1px;--awb-active-border-right:1px;--awb-active-border-bottom:1px;--awb-active-border-left:1px;--awb-active-border-color:#ffffff;--awb-submenu-items-padding-top:10px;--awb-submenu-items-padding-right:25px;--awb-submenu-items-padding-bottom:10px;--awb-submenu-items-padding-left:25px;--awb-submenu-active-color:#c62471;--awb-submenu-font-size:16px;--awb-submenu-text-transform:uppercase;--awb-submenu-line-height:40px;--awb-icons-color:#ffffff;--awb-icons-hover-color:#ffffff;--awb-main-justify-content:flex-start;--awb-justify-title:flex-start;--awb-mobile-justify:flex-start;--awb-mobile-caret-left:auto;--awb-mobile-caret-right:0;--awb-fusion-font-family-typography:&quot;Raleway&quot;;--awb-fusion-font-style-typography:normal;--awb-fusion-font-weight-typography:600;--awb-fusion-font-family-submenu-typography:&quot;Raleway&quot;;--awb-fusion-font-style-submenu-typography:normal;--awb-fusion-font-weight-submenu-typography:600;--awb-fusion-font-family-mobile-typography:inherit;--awb-fusion-font-style-mobile-typography:normal;--awb-fusion-font-weight-mobile-typography:400;\" aria-label=\"menu travelabspain\" data-breakpoint=\"1024\" data-count=\"0\" data-transition-type=\"fade\" data-transition-time=\"300\" data-expand=\"right\" id=\"menuAfterImage\"><button type=\"button\" class=\"awb-menu__m-toggle awb-menu__m-toggle_no-text\" aria-expanded=\"false\" aria-controls=\"menu-menu-travelabspain\"><span class=\"awb-menu__m-toggle-inner\"><span class=\"collapsed-nav-text\"><span class=\"screen-reader-text\">Toggle Navigation<\/span><\/span><span class=\"awb-menu__m-collapse-icon awb-menu__m-collapse-icon_no-text\"><span class=\"awb-menu__m-collapse-icon-open awb-menu__m-collapse-icon-open_no-text fa-bars fas\"><\/span><span class=\"awb-menu__m-collapse-icon-close awb-menu__m-collapse-icon-close_no-text fa-times fas\"><\/span><\/span><\/span><\/button><ul id=\"menu-menu-travelabspain\" class=\"fusion-menu awb-menu__main-ul awb-menu__main-ul_row\"><li  id=\"menu-item-2323\"  class=\"menu-item menu-item-type-post_type menu-item-object-page menu-item-home menu-item-2323 awb-menu__li awb-menu__main-li awb-menu__main-li_regular\"  data-item-id=\"2323\"><span class=\"awb-menu__main-background-default awb-menu__main-background-default_fade\"><\/span><span class=\"awb-menu__main-background-active awb-menu__main-background-active_fade\"><\/span><a  href=\"https:\/\/travelabspain.com\/home\/\" class=\"awb-menu__main-a awb-menu__main-a_regular\"><span class=\"menu-text\">Home<\/span><\/a><\/li><li  id=\"menu-item-2309\"  class=\"menu-item menu-item-type-post_type menu-item-object-page menu-item-2309 awb-menu__li awb-menu__main-li awb-menu__main-li_regular\"  data-item-id=\"2309\"><span class=\"awb-menu__main-background-default awb-menu__main-background-default_fade\"><\/span><span class=\"awb-menu__main-background-active awb-menu__main-background-active_fade\"><\/span><a  href=\"https:\/\/travelabspain.com\/servicios\/\" class=\"awb-menu__main-a awb-menu__main-a_regular\"><span class=\"menu-text\">Servizi<\/span><\/a><\/li><li  id=\"menu-item-2310\"  class=\"menu-item menu-item-type-post_type menu-item-object-page menu-item-2310 awb-menu__li awb-menu__main-li awb-menu__main-li_regular\"  data-item-id=\"2310\"><span class=\"awb-menu__main-background-default awb-menu__main-background-default_fade\"><\/span><span class=\"awb-menu__main-background-active awb-menu__main-background-active_fade\"><\/span><a  href=\"https:\/\/travelabspain.com\/destinos\/\" class=\"awb-menu__main-a awb-menu__main-a_regular\"><span class=\"menu-text\">Destinazioni<\/span><\/a><\/li><li  id=\"menu-item-2801\"  class=\"nuestro-producto menu-item menu-item-type-post_type menu-item-object-page menu-item-2801 awb-menu__li awb-menu__main-li awb-menu__main-li_regular\"  data-classes=\"nuestro-producto\" data-item-id=\"2801\"><span class=\"awb-menu__main-background-default awb-menu__main-background-default_fade\"><\/span><span class=\"awb-menu__main-background-active awb-menu__main-background-active_fade\"><\/span><a  href=\"https:\/\/travelabspain.com\/nuestro-producto\/\" class=\"awb-menu__main-a awb-menu__main-a_regular\"><span class=\"menu-text\">Il nostro prodotto<\/span><\/a><\/li><li  id=\"menu-item-2312\"  class=\"nosotros menu-item menu-item-type-post_type menu-item-object-page menu-item-2312 awb-menu__li awb-menu__main-li awb-menu__main-li_regular\"  data-classes=\"nosotros\" data-item-id=\"2312\"><span class=\"awb-menu__main-background-default awb-menu__main-background-default_fade\"><\/span><span class=\"awb-menu__main-background-active awb-menu__main-background-active_fade\"><\/span><a  href=\"https:\/\/travelabspain.com\/nosotros\/\" class=\"awb-menu__main-a awb-menu__main-a_regular\"><span class=\"menu-text\">Chi siamo<\/span><\/a><\/li><li  id=\"menu-item-2313\"  class=\"menu-item menu-item-type-post_type menu-item-object-page menu-item-2313 awb-menu__li awb-menu__main-li awb-menu__main-li_regular\"  data-item-id=\"2313\"><span class=\"awb-menu__main-background-default awb-menu__main-background-default_fade\"><\/span><span class=\"awb-menu__main-background-active awb-menu__main-background-active_fade\"><\/span><a  href=\"https:\/\/travelabspain.com\/contacto\/\" class=\"awb-menu__main-a awb-menu__main-a_regular\"><span class=\"menu-text\">Contatto<\/span><\/a><\/li><\/ul><\/nav><\/div><\/div><\/div><\/div>\n<div class=\"fusion-fullwidth fullwidth-box fusion-builder-row-2 fusion-flex-container nonhundred-percent-fullwidth non-hundred-percent-height-scrolling\" style=\"--awb-border-radius-top-left:0px;--awb-border-radius-top-right:0px;--awb-border-radius-bottom-right:0px;--awb-border-radius-bottom-left:0px;--awb-flex-wrap:wrap;\" ><div class=\"fusion-builder-row fusion-row fusion-flex-align-items-flex-start fusion-flex-content-wrap\" style=\"max-width:1248px;margin-left: calc(-4% \/ 2 );margin-right: calc(-4% \/ 2 );\"><div class=\"fusion-layout-column fusion_builder_column fusion-builder-column-1 fusion_builder_column_1_1 1_1 fusion-flex-column\" style=\"--awb-bg-size:cover;--awb-width-large:100%;--awb-margin-top-large:0px;--awb-spacing-right-large:1.92%;--awb-margin-bottom-large:0px;--awb-spacing-left-large:1.92%;--awb-width-medium:100%;--awb-spacing-right-medium:1.92%;--awb-spacing-left-medium:1.92%;--awb-width-small:100%;--awb-spacing-right-small:1.92%;--awb-spacing-left-small:1.92%;\"><div class=\"fusion-column-wrapper fusion-flex-justify-content-flex-start fusion-content-layout-column\"><nav class=\"fusion-breadcrumbs awb-yoast-breadcrumbs fusion-breadcrumbs-1\" style=\"--awb-breadcrumb-sep:&#039;\/&#039;;\" aria-label=\"Breadcrumb\"><span><span><a href=\"https:\/\/travelabspain.com\/it\/\">Home<\/a><\/span><\/span><\/nav><div class=\"fusion-text fusion-text-1\" style=\"--awb-text-color:#ffffff;\"><h3><strong>OGGETTO E ACCETTAZIONE<\/strong><\/h3>\n<p><strong>Il presente avviso legale regola l&#8217;uso del sito web <a href=\"https:\/\/travelabspain.com\/it\/\">https:\/\/travelabspain.com\/<\/a> (di seguito, IL SITO WEB), di cui \u00e8 titolare TRAVELAB SPAIN S.L.U (di seguito, IL PROPRIETARIO DEL SITO WEB).<\/strong><\/p>\n<p>La navigazione nel sito web del PROPRIETARIO DEL SITO WEB attribuisce la condizione di utente del sito e implica l&#8217;accettazione piena e senza riserve di tutte e ciascuna delle disposizioni incluse in questo Avviso Legale, che possono essere soggette a modifiche.<\/p>\n<p>L&#8217;utente si impegna a fare un uso corretto del sito web in conformit\u00e0 con le leggi, la buona fede, l&#8217;ordine pubblico, gli usi del traffico e il presente Avviso Legale. L&#8217;utente sar\u00e0 responsabile nei confronti del PROPRIETARIO DEL SITO WEB o nei confronti di terzi per qualsiasi danno che possa derivare dall&#8217;inadempimento di tale obbligo.<\/p>\n<h3><strong>IDENTIFICAZIONE E COMUNICAZIONI<\/strong><\/h3>\n<p>IL PROPRIETARIO DEL SITO WEB, in conformit\u00e0 con la Legge 34\/2002, dell&#8217;11 luglio, dei servizi della societ\u00e0 dell&#8217;informazione e del commercio elettronico, informa che:<\/p>\n<ul class=\"ol\">\n<li>La sua ragione sociale \u00e8: <strong>TRAVELAB SPAIN S.L.U<\/strong><\/li>\n<li>Il suo CIF \u00e8: <strong>B66390535<\/strong><\/li>\n<li>La sua sede legale si trova in: <strong>R.M Barcellona, Volume 44524, Foglio 0112. Scheda 458708, Iscr.1\u00aa, 08011 \u2013 BARCELLONA<\/strong><\/li>\n<\/ul>\n<p>Per comunicare con noi, mettiamo a disposizione diversi mezzi di contatto che riportiamo di seguito:<\/p>\n<ul class=\"ol\">\n<li>Tel: +34872209444<\/li>\n<li>Email: <a href=\"mailto:admin@travelabspain.com\">admin@travelabspain.com<\/a><\/li>\n<\/ul>\n<p>Tutte le notifiche e comunicazioni tra gli utenti e IL PROPRIETARIO DEL SITO WEB si considereranno efficaci, a tutti gli effetti, quando effettuate tramite posta o qualsiasi altro mezzo indicato sopra.<\/p>\n<h3><strong>CONDIZIONI DI ACCESSO E UTILIZZO<\/strong><\/h3>\n<p>Il sito web e i suoi servizi sono di libero accesso e gratuiti; tuttavia, IL PROPRIETARIO DEL SITO WEB condiziona l&#8217;uso di alcuni dei servizi offerti nel proprio sito alla previa compilazione del modulo corrispondente.<\/p>\n<p>L&#8217;utente garantisce l&#8217;autenticit\u00e0 e l&#8217;attualit\u00e0 di tutti i dati comunicati al PROPRIETARIO DEL SITO WEB e sar\u00e0 l&#8217;unico responsabile di eventuali dichiarazioni false o inesatte.<\/p>\n<p>L&#8217;utente si impegna espressamente a fare un uso appropriato dei contenuti e dei servizi del PROPRIETARIO DEL SITO WEB e a non utilizzarli per, tra l&#8217;altro:<\/p>\n<ul class=\"oletras\">\n<li>a) Diffondere contenuti delittuosi, violenti, pornografici, razzisti, xenofobi, offensivi, apologetici del terrorismo o, in generale, contrari alla legge o all&#8217;ordine pubblico.<\/li>\n<li>b) Introdurre virus informatici o eseguire azioni che possano alterare, rovinare, interrompere o causare errori o danni nei documenti elettronici, dati o sistemi fisici e logici del PROPRIETARIO DEL SITO WEB o di terzi; nonch\u00e9 ostacolare l&#8217;accesso di altri utenti al sito web e ai suoi servizi tramite il consumo massiccio di risorse informatiche attraverso le quali IL PROPRIETARIO DEL SITO WEB fornisce i propri servizi.<\/li>\n<li>c) Tentare di accedere agli account di posta elettronica di altri utenti o ad aree riservate dei sistemi informatici del PROPRIETARIO DEL SITO WEB o di terzi e, se del caso, estrarre informazioni.<\/li>\n<li>d) Violare i diritti di propriet\u00e0 intellettuale o industriale, nonch\u00e9 violare la riservatezza delle informazioni del PROPRIETARIO DEL SITO WEB o di terzi.<\/li>\n<li>e) Impersonare un altro utente, amministrazioni pubbliche o terzi.<\/li>\n<li>f) Riprodurre, copiare, distribuire, rendere disponibili o in qualsiasi altro modo comunicare pubblicamente, trasformare o modificare i contenuti, a meno che non si disponga dell&#8217;autorizzazione del titolare dei relativi diritti o che ci\u00f2 sia legalmente consentito.<\/li>\n<li>g) Raccogliere dati per scopi pubblicitari e inviare pubblicit\u00e0 di qualsiasi tipo e comunicazioni con finalit\u00e0 di vendita o altre di natura commerciale senza la previa richiesta o consenso.<\/li>\n<\/ul>\n<p>Tutti i contenuti del sito web, come testi, fotografie, grafici, immagini, icone, tecnologia, software, cos\u00ec come il suo design grafico e i codici sorgente, costituiscono un&#8217;opera la cui propriet\u00e0 appartiene al PROPRIETARIO DEL SITO WEB, senza che si intenda ceduto all&#8217;utente nessuno dei diritti di sfruttamento su di essi oltre a quanto strettamente necessario per il corretto utilizzo del sito.<\/p>\n<p>In definitiva, gli utenti che accedono a questo sito web possono visualizzare i contenuti ed effettuare, se del caso, copie private autorizzate purch\u00e9 gli elementi riprodotti non siano successivamente ceduti a terzi, n\u00e9 installati su server connessi a reti, n\u00e9 oggetto di alcun tipo di sfruttamento.<\/p>\n<p>Inoltre, tutti i marchi, nomi commerciali o segni distintivi di qualsiasi tipo che appaiono sul sito web sono di propriet\u00e0 del PROPRIETARIO DEL SITO WEB, senza che si intenda che l&#8217;uso o l&#8217;accesso allo stesso attribuisca all&#8217;utente alcun diritto sugli stessi.<\/p>\n<p>La distribuzione, modifica, cessione o comunicazione pubblica dei contenuti e qualsiasi altro atto non espressamente autorizzato dal titolare dei diritti di sfruttamento sono vietati.<\/p>\n<p>L&#8217;istituzione di un collegamento ipertestuale non implica in alcun caso l&#8217;esistenza di relazioni tra IL PROPRIETARIO DEL SITO WEB e il proprietario del sito in cui \u00e8 stabilito, n\u00e9 l&#8217;accettazione e approvazione da parte del PROPRIETARIO DEL SITO WEB dei suoi contenuti o servizi. Coloro che intendono stabilire un collegamento ipertestuale dovranno richiedere preventivamente autorizzazione scritta al PROPRIETARIO DEL SITO WEB. In ogni caso, il collegamento ipertestuale consentir\u00e0 solo l&#8217;accesso alla home page o pagina iniziale del nostro sito web e si dovr\u00e0 astenere dal fare dichiarazioni o indicazioni false, inesatte o errate sul PROPRIETARIO DEL SITO WEB, o includere contenuti illeciti, contrari alla buona morale e all&#8217;ordine pubblico.<\/p>\n<p>IL PROPRIETARIO DEL SITO WEB non \u00e8 responsabile dell&#8217;uso che ciascun utente fa dei materiali messi a disposizione su questo sito n\u00e9 delle azioni che compie in base agli stessi.<\/p>\n<h3><strong>ESCLUSIONE DI GARANZIE E DI RESPONSABILIT\u00c0<\/strong><\/h3>\n<p>Il contenuto del presente sito web \u00e8 di carattere generale e ha una finalit\u00e0 puramente informativa, senza che si garantisca pienamente l&#8217;accesso a tutti i contenuti, n\u00e9 la loro completezza, correttezza, attualit\u00e0 o attualit\u00e0, n\u00e9 la loro idoneit\u00e0 o utilit\u00e0 per uno scopo specifico.<\/p>\n<p>IL PROPRIETARIO DEL SITO WEB esclude, per quanto consentito dalla legge, qualsiasi responsabilit\u00e0 per danni di qualsiasi natura derivati da:<\/p>\n<ul class=\"oletras\">\n<li>a) L&#8217;impossibilit\u00e0 di accedere al sito web o la mancanza di veridicit\u00e0, esattezza, completezza e\/o attualit\u00e0 dei contenuti, nonch\u00e9 l&#8217;esistenza di vizi e difetti di ogni tipo dei contenuti trasmessi, diffusi, memorizzati, messi a disposizione cui si \u00e8 acceduto tramite il sito web o i servizi offerti.<\/li>\n<li>b) La presenza di virus o altri elementi nei contenuti che possono causare alterazioni nei sistemi informatici, documenti elettronici o dati degli utenti.<\/li>\n<\/ul>\n<p>c) La violazione delle leggi, della buona fede, dell&#8217;ordine pubblico, degli usi del traffico e del presente avviso legale a seguito dell&#8217;uso improprio del sito web. In particolare, e a titolo esemplificativo, IL PROPRIETARIO DEL SITO WEB non \u00e8 responsabile per le azioni di terzi che violino i diritti di propriet\u00e0 intellettuale e industriale, segreti aziendali, diritti all&#8217;onore, alla privacy personale e familia<\/p>\n<\/div><\/div><\/div><\/div><\/div><\/p>\n","protected":false},"excerpt":{"rendered":"","protected":false},"author":6,"featured_media":0,"parent":0,"menu_order":0,"comment_status":"closed","ping_status":"closed","template":"","meta":{"_themeisle_gutenberg_block_has_review":false,"footnotes":""},"class_list":["post-3497","page","type-page","status-publish","hentry"],"yoast_head":"<!-- This site is optimized with the Yoast SEO plugin v27.5 - https:\/\/yoast.com\/product\/yoast-seo-wordpress\/ -->\n<title>Note legali - Travelabspain<\/title>\n<meta name=\"robots\" content=\"index, follow, max-snippet:-1, max-image-preview:large, max-video-preview:-1\" \/>\n<link rel=\"canonical\" href=\"https:\/\/travelabspain.com\/it\/note-legali\/\" \/>\n<meta property=\"og:locale\" content=\"it_IT\" \/>\n<meta property=\"og:type\" content=\"article\" \/>\n<meta property=\"og:title\" content=\"Note legali - Travelabspain\" \/>\n<meta property=\"og:url\" content=\"https:\/\/travelabspain.com\/it\/note-legali\/\" \/>\n<meta property=\"og:site_name\" content=\"Travelabspain\" \/>\n<meta property=\"article:publisher\" content=\"https:\/\/www.facebook.com\/AlshotPhotography\/\" \/>\n<meta property=\"article:modified_time\" content=\"2024-11-12T07:35:00+00:00\" \/>\n<meta name=\"twitter:card\" content=\"summary_large_image\" \/>\n<script type=\"application\/ld+json\" class=\"yoast-schema-graph\">{\"@context\":\"https:\\\/\\\/schema.org\",\"@graph\":[{\"@type\":\"WebPage\",\"@id\":\"https:\\\/\\\/travelabspain.com\\\/it\\\/note-legali\\\/\",\"url\":\"https:\\\/\\\/travelabspain.com\\\/it\\\/note-legali\\\/\",\"name\":\"Note legali - Travelabspain\",\"isPartOf\":{\"@id\":\"https:\\\/\\\/travelabspain.com\\\/#website\"},\"datePublished\":\"2024-09-05T15:30:45+00:00\",\"dateModified\":\"2024-11-12T07:35:00+00:00\",\"breadcrumb\":{\"@id\":\"https:\\\/\\\/travelabspain.com\\\/it\\\/note-legali\\\/#breadcrumb\"},\"inLanguage\":\"it-IT\",\"potentialAction\":[{\"@type\":\"ReadAction\",\"target\":[\"https:\\\/\\\/travelabspain.com\\\/it\\\/note-legali\\\/\"]}]},{\"@type\":\"BreadcrumbList\",\"@id\":\"https:\\\/\\\/travelabspain.com\\\/it\\\/note-legali\\\/#breadcrumb\",\"itemListElement\":[{\"@type\":\"ListItem\",\"position\":1,\"name\":\"Home\",\"item\":\"https:\\\/\\\/travelabspain.com\\\/it\\\/\"},{\"@type\":\"ListItem\",\"position\":2,\"name\":\"Note legali\"}]},{\"@type\":\"WebSite\",\"@id\":\"https:\\\/\\\/travelabspain.com\\\/#website\",\"url\":\"https:\\\/\\\/travelabspain.com\\\/\",\"name\":\"Travelabspain\",\"description\":\"\",\"publisher\":{\"@id\":\"https:\\\/\\\/travelabspain.com\\\/#organization\"},\"potentialAction\":[{\"@type\":\"SearchAction\",\"target\":{\"@type\":\"EntryPoint\",\"urlTemplate\":\"https:\\\/\\\/travelabspain.com\\\/?s={search_term_string}\"},\"query-input\":{\"@type\":\"PropertyValueSpecification\",\"valueRequired\":true,\"valueName\":\"search_term_string\"}}],\"inLanguage\":\"it-IT\"},{\"@type\":\"Organization\",\"@id\":\"https:\\\/\\\/travelabspain.com\\\/#organization\",\"name\":\"Travelabspain\",\"url\":\"https:\\\/\\\/travelabspain.com\\\/\",\"logo\":{\"@type\":\"ImageObject\",\"inLanguage\":\"it-IT\",\"@id\":\"https:\\\/\\\/travelabspain.com\\\/#\\\/schema\\\/logo\\\/image\\\/\",\"url\":\"\",\"contentUrl\":\"\",\"caption\":\"Travelabspain\"},\"image\":{\"@id\":\"https:\\\/\\\/travelabspain.com\\\/#\\\/schema\\\/logo\\\/image\\\/\"},\"sameAs\":[\"https:\\\/\\\/www.facebook.com\\\/AlshotPhotography\\\/\",\"https:\\\/\\\/www.instagram.com\\\/alshotphotography\\\/\"]}]}<\/script>\n<!-- \/ Yoast SEO plugin. -->","yoast_head_json":{"title":"Note legali - Travelabspain","robots":{"index":"index","follow":"follow","max-snippet":"max-snippet:-1","max-image-preview":"max-image-preview:large","max-video-preview":"max-video-preview:-1"},"canonical":"https:\/\/travelabspain.com\/it\/note-legali\/","og_locale":"it_IT","og_type":"article","og_title":"Note legali - Travelabspain","og_url":"https:\/\/travelabspain.com\/it\/note-legali\/","og_site_name":"Travelabspain","article_publisher":"https:\/\/www.facebook.com\/AlshotPhotography\/","article_modified_time":"2024-11-12T07:35:00+00:00","twitter_card":"summary_large_image","schema":{"@context":"https:\/\/schema.org","@graph":[{"@type":"WebPage","@id":"https:\/\/travelabspain.com\/it\/note-legali\/","url":"https:\/\/travelabspain.com\/it\/note-legali\/","name":"Note legali - Travelabspain","isPartOf":{"@id":"https:\/\/travelabspain.com\/#website"},"datePublished":"2024-09-05T15:30:45+00:00","dateModified":"2024-11-12T07:35:00+00:00","breadcrumb":{"@id":"https:\/\/travelabspain.com\/it\/note-legali\/#breadcrumb"},"inLanguage":"it-IT","potentialAction":[{"@type":"ReadAction","target":["https:\/\/travelabspain.com\/it\/note-legali\/"]}]},{"@type":"BreadcrumbList","@id":"https:\/\/travelabspain.com\/it\/note-legali\/#breadcrumb","itemListElement":[{"@type":"ListItem","position":1,"name":"Home","item":"https:\/\/travelabspain.com\/it\/"},{"@type":"ListItem","position":2,"name":"Note legali"}]},{"@type":"WebSite","@id":"https:\/\/travelabspain.com\/#website","url":"https:\/\/travelabspain.com\/","name":"Travelabspain","description":"","publisher":{"@id":"https:\/\/travelabspain.com\/#organization"},"potentialAction":[{"@type":"SearchAction","target":{"@type":"EntryPoint","urlTemplate":"https:\/\/travelabspain.com\/?s={search_term_string}"},"query-input":{"@type":"PropertyValueSpecification","valueRequired":true,"valueName":"search_term_string"}}],"inLanguage":"it-IT"},{"@type":"Organization","@id":"https:\/\/travelabspain.com\/#organization","name":"Travelabspain","url":"https:\/\/travelabspain.com\/","logo":{"@type":"ImageObject","inLanguage":"it-IT","@id":"https:\/\/travelabspain.com\/#\/schema\/logo\/image\/","url":"","contentUrl":"","caption":"Travelabspain"},"image":{"@id":"https:\/\/travelabspain.com\/#\/schema\/logo\/image\/"},"sameAs":["https:\/\/www.facebook.com\/AlshotPhotography\/","https:\/\/www.instagram.com\/alshotphotography\/"]}]}},"_links":{"self":[{"href":"https:\/\/travelabspain.com\/it\/wp-json\/wp\/v2\/pages\/3497","targetHints":{"allow":["GET"]}}],"collection":[{"href":"https:\/\/travelabspain.com\/it\/wp-json\/wp\/v2\/pages"}],"about":[{"href":"https:\/\/travelabspain.com\/it\/wp-json\/wp\/v2\/types\/page"}],"author":[{"embeddable":true,"href":"https:\/\/travelabspain.com\/it\/wp-json\/wp\/v2\/users\/6"}],"replies":[{"embeddable":true,"href":"https:\/\/travelabspain.com\/it\/wp-json\/wp\/v2\/comments?post=3497"}],"version-history":[{"count":1,"href":"https:\/\/travelabspain.com\/it\/wp-json\/wp\/v2\/pages\/3497\/revisions"}],"predecessor-version":[{"id":3498,"href":"https:\/\/travelabspain.com\/it\/wp-json\/wp\/v2\/pages\/3497\/revisions\/3498"}],"wp:attachment":[{"href":"https:\/\/travelabspain.com\/it\/wp-json\/wp\/v2\/media?parent=3497"}],"curies":[{"name":"wp","href":"https:\/\/api.w.org\/{rel}","templated":true}]}}