{"id":3568,"date":"2024-08-09T13:40:56","date_gmt":"2024-08-09T11:40:56","guid":{"rendered":"https:\/\/travelabspain.com\/destinazioni\/isole-baleari\/menorca\/"},"modified":"2024-11-12T12:07:14","modified_gmt":"2024-11-12T11:07:14","slug":"menorca","status":"publish","type":"page","link":"https:\/\/travelabspain.com\/it\/destinazioni\/isole-baleari\/menorca\/","title":{"rendered":"Menorca"},"content":{"rendered":"<p><div class=\"fusion-fullwidth fullwidth-box fusion-builder-row-1 fusion-flex-container has-pattern-background has-mask-background nonhundred-percent-fullwidth non-hundred-percent-height-scrolling fusion-no-small-visibility fusion-sticky-container\" style=\"--awb-background-position:left top;--awb-border-sizes-top:0px;--awb-border-sizes-bottom:0px;--awb-border-sizes-left:0px;--awb-border-sizes-right:0px;--awb-border-radius-top-left:0px;--awb-border-radius-top-right:0px;--awb-border-radius-bottom-right:0px;--awb-border-radius-bottom-left:0px;--awb-margin-top:0px;--awb-margin-bottom:0px;--awb-sticky-background-color:#2e2f32 !important;--awb-flex-wrap:wrap;\" id=\"containerMenuAfterImage\" data-transition-offset=\"0\" data-sticky-offset=\"119px\" data-scroll-offset=\"0\" data-sticky-small-visibility=\"1\" data-sticky-medium-visibility=\"1\" data-sticky-large-visibility=\"1\" ><div class=\"fusion-builder-row fusion-row fusion-flex-align-items-center fusion-flex-justify-content-space-evenly fusion-flex-content-wrap\" style=\"max-width:calc( 1200px + 0px );margin-left: calc(-0px \/ 2 );margin-right: calc(-0px \/ 2 );\"><div class=\"fusion-layout-column fusion_builder_column fusion-builder-column-0 fusion_builder_column_1_1 1_1 fusion-flex-column\" style=\"--awb-bg-size:cover;--awb-width-large:100%;--awb-margin-top-large:0px;--awb-spacing-right-large:0px;--awb-margin-bottom-large:0px;--awb-spacing-left-large:0px;--awb-width-medium:100%;--awb-order-medium:0;--awb-spacing-right-medium:0px;--awb-spacing-left-medium:0px;--awb-width-small:100%;--awb-order-small:0;--awb-spacing-right-small:0px;--awb-margin-bottom-small:20px;--awb-spacing-left-small:0px;\"><div class=\"fusion-column-wrapper fusion-column-has-shadow fusion-flex-justify-content-flex-start fusion-content-layout-column\"><nav class=\"awb-menu awb-menu_row awb-menu_em-hover mobile-mode-collapse-to-button awb-menu_icons-left awb-menu_dc-yes mobile-trigger-fullwidth-off awb-menu_mobile-toggle awb-menu_indent-left mobile-size-full-absolute loading mega-menu-loading awb-menu_desktop awb-menu_dropdown awb-menu_expand-right awb-menu_transition-fade fusion-no-small-visibility\" style=\"--awb-line-height:40px;--awb-margin-top:20px;--awb-margin-bottom:20px;--awb-text-transform:uppercase;--awb-align-items:center;--awb-justify-content:space-between;--awb-items-padding-top:10px;--awb-items-padding-right:25px;--awb-items-padding-bottom:10px;--awb-items-padding-left:25px;--awb-border-color:#ffffff;--awb-border-top:1px;--awb-border-right:1px;--awb-border-bottom:1px;--awb-border-left:1px;--awb-color:#ffffff;--awb-active-color:#ffffff;--awb-active-bg:#0074ff;--awb-active-border-top:1px;--awb-active-border-right:1px;--awb-active-border-bottom:1px;--awb-active-border-left:1px;--awb-active-border-color:#ffffff;--awb-submenu-items-padding-top:10px;--awb-submenu-items-padding-right:25px;--awb-submenu-items-padding-bottom:10px;--awb-submenu-items-padding-left:25px;--awb-submenu-active-color:#c62471;--awb-submenu-font-size:16px;--awb-submenu-text-transform:uppercase;--awb-submenu-line-height:40px;--awb-icons-color:#ffffff;--awb-icons-hover-color:#ffffff;--awb-main-justify-content:flex-start;--awb-justify-title:flex-start;--awb-mobile-justify:flex-start;--awb-mobile-caret-left:auto;--awb-mobile-caret-right:0;--awb-fusion-font-family-typography:&quot;Raleway&quot;;--awb-fusion-font-style-typography:normal;--awb-fusion-font-weight-typography:600;--awb-fusion-font-family-submenu-typography:&quot;Raleway&quot;;--awb-fusion-font-style-submenu-typography:normal;--awb-fusion-font-weight-submenu-typography:600;--awb-fusion-font-family-mobile-typography:inherit;--awb-fusion-font-style-mobile-typography:normal;--awb-fusion-font-weight-mobile-typography:400;\" aria-label=\"menu travelabspain\" data-breakpoint=\"1024\" data-count=\"0\" data-transition-type=\"fade\" data-transition-time=\"300\" data-expand=\"right\" id=\"menuAfterImage\"><button type=\"button\" class=\"awb-menu__m-toggle awb-menu__m-toggle_no-text\" aria-expanded=\"false\" aria-controls=\"menu-menu-travelabspain\"><span class=\"awb-menu__m-toggle-inner\"><span class=\"collapsed-nav-text\"><span class=\"screen-reader-text\">Toggle Navigation<\/span><\/span><span class=\"awb-menu__m-collapse-icon awb-menu__m-collapse-icon_no-text\"><span class=\"awb-menu__m-collapse-icon-open awb-menu__m-collapse-icon-open_no-text fa-bars fas\"><\/span><span class=\"awb-menu__m-collapse-icon-close awb-menu__m-collapse-icon-close_no-text fa-times fas\"><\/span><\/span><\/span><\/button><ul id=\"menu-menu-travelabspain\" class=\"fusion-menu awb-menu__main-ul awb-menu__main-ul_row\"><li  id=\"menu-item-2323\"  class=\"menu-item menu-item-type-post_type menu-item-object-page menu-item-home menu-item-2323 awb-menu__li awb-menu__main-li awb-menu__main-li_regular\"  data-item-id=\"2323\"><span class=\"awb-menu__main-background-default awb-menu__main-background-default_fade\"><\/span><span class=\"awb-menu__main-background-active awb-menu__main-background-active_fade\"><\/span><a  href=\"https:\/\/travelabspain.com\/home\/\" class=\"awb-menu__main-a awb-menu__main-a_regular\"><span class=\"menu-text\">Home<\/span><\/a><\/li><li  id=\"menu-item-2309\"  class=\"menu-item menu-item-type-post_type menu-item-object-page menu-item-2309 awb-menu__li awb-menu__main-li awb-menu__main-li_regular\"  data-item-id=\"2309\"><span class=\"awb-menu__main-background-default awb-menu__main-background-default_fade\"><\/span><span class=\"awb-menu__main-background-active awb-menu__main-background-active_fade\"><\/span><a  href=\"https:\/\/travelabspain.com\/servicios\/\" class=\"awb-menu__main-a awb-menu__main-a_regular\"><span class=\"menu-text\">Servizi<\/span><\/a><\/li><li  id=\"menu-item-2310\"  class=\"menu-item menu-item-type-post_type menu-item-object-page menu-item-2310 awb-menu__li awb-menu__main-li awb-menu__main-li_regular\"  data-item-id=\"2310\"><span class=\"awb-menu__main-background-default awb-menu__main-background-default_fade\"><\/span><span class=\"awb-menu__main-background-active awb-menu__main-background-active_fade\"><\/span><a  href=\"https:\/\/travelabspain.com\/destinos\/\" class=\"awb-menu__main-a awb-menu__main-a_regular\"><span class=\"menu-text\">Destinazioni<\/span><\/a><\/li><li  id=\"menu-item-2801\"  class=\"nuestro-producto menu-item menu-item-type-post_type menu-item-object-page menu-item-2801 awb-menu__li awb-menu__main-li awb-menu__main-li_regular\"  data-classes=\"nuestro-producto\" data-item-id=\"2801\"><span class=\"awb-menu__main-background-default awb-menu__main-background-default_fade\"><\/span><span class=\"awb-menu__main-background-active awb-menu__main-background-active_fade\"><\/span><a  href=\"https:\/\/travelabspain.com\/nuestro-producto\/\" class=\"awb-menu__main-a awb-menu__main-a_regular\"><span class=\"menu-text\">Il nostro prodotto<\/span><\/a><\/li><li  id=\"menu-item-2312\"  class=\"nosotros menu-item menu-item-type-post_type menu-item-object-page menu-item-2312 awb-menu__li awb-menu__main-li awb-menu__main-li_regular\"  data-classes=\"nosotros\" data-item-id=\"2312\"><span class=\"awb-menu__main-background-default awb-menu__main-background-default_fade\"><\/span><span class=\"awb-menu__main-background-active awb-menu__main-background-active_fade\"><\/span><a  href=\"https:\/\/travelabspain.com\/nosotros\/\" class=\"awb-menu__main-a awb-menu__main-a_regular\"><span class=\"menu-text\">Chi siamo<\/span><\/a><\/li><li  id=\"menu-item-2313\"  class=\"menu-item menu-item-type-post_type menu-item-object-page menu-item-2313 awb-menu__li awb-menu__main-li awb-menu__main-li_regular\"  data-item-id=\"2313\"><span class=\"awb-menu__main-background-default awb-menu__main-background-default_fade\"><\/span><span class=\"awb-menu__main-background-active awb-menu__main-background-active_fade\"><\/span><a  href=\"https:\/\/travelabspain.com\/contacto\/\" class=\"awb-menu__main-a awb-menu__main-a_regular\"><span class=\"menu-text\">Contatto<\/span><\/a><\/li><\/ul><\/nav><\/div><\/div><\/div><\/div>\n<div class=\"fusion-fullwidth fullwidth-box fusion-builder-row-2 fusion-flex-container has-pattern-background has-mask-background nonhundred-percent-fullwidth non-hundred-percent-height-scrolling\" style=\"--awb-border-radius-top-left:0px;--awb-border-radius-top-right:0px;--awb-border-radius-bottom-right:0px;--awb-border-radius-bottom-left:0px;--awb-flex-wrap:wrap;\" ><div class=\"fusion-builder-row fusion-row fusion-flex-align-items-flex-start fusion-flex-content-wrap\" style=\"max-width:1248px;margin-left: calc(-4% \/ 2 );margin-right: calc(-4% \/ 2 );\"><div class=\"fusion-layout-column fusion_builder_column fusion-builder-column-1 fusion_builder_column_1_1 1_1 fusion-flex-column\" style=\"--awb-bg-size:cover;--awb-width-large:100%;--awb-margin-top-large:0px;--awb-spacing-right-large:1.92%;--awb-margin-bottom-large:50px;--awb-spacing-left-large:1.92%;--awb-width-medium:100%;--awb-order-medium:0;--awb-spacing-right-medium:1.92%;--awb-spacing-left-medium:1.92%;--awb-width-small:100%;--awb-order-small:0;--awb-spacing-right-small:1.92%;--awb-spacing-left-small:1.92%;\"><div class=\"fusion-column-wrapper fusion-column-has-shadow fusion-flex-justify-content-flex-start fusion-content-layout-column\"><nav class=\"fusion-breadcrumbs awb-yoast-breadcrumbs fusion-breadcrumbs-1\" style=\"--awb-breadcrumb-sep:&#039;\/&#039;;\" aria-label=\"Breadcrumb\"><span><span><a href=\"https:\/\/travelabspain.com\/it\/\">Home<\/a><\/span><\/span><\/nav><div class=\"fusion-title title fusion-title-1 fusion-sep-none fusion-title-center fusion-title-text fusion-title-size-one\" style=\"--awb-text-color:#0074ff;--awb-margin-top:40px;\"><h1 class=\"fusion-title-heading title-heading-center fusion-responsive-typography-calculated\" style=\"margin:0;text-transform:uppercase;--fontSize:35;line-height:1.75;\"><strong>MENORCA<\/strong><\/h1><\/div><a href=\"\/wp-content\/uploads\/flippingBook\/Destinos\/Espana\/Baleares\/Menorca IT\/\" class=\"fbp-embed\" data-fbp-ratio=\"3:2\" data-fbp-lightbox=\"no\" data-fbp-width=\"100%\" data-fbp-height=\"auto\" style=\"max-width: 100%\">MENORCA<\/a><script async defer src=\"\/wp-content\/uploads\/flippingBook\/Destinos\/Espana\/Baleares\/Menorca IT\/files\/html\/static\/embed.js\"><\/script><div class=\"fusion-text fusion-text-1\" style=\"--awb-text-color:#ffffff;\"><p>Benvenuti a Minorca, una gemma nascosta immersa nelle acque turchesi del Mar Mediterraneo. Con le sue spiagge incontaminate, la ricca storia e l&#8217;atmosfera rilassata, Minorca invita i visitatori ad esplorare i suoi paesaggi incontaminati, scoprire il suo antico patrimonio e immergersi nella tranquillit\u00e0 e nella bellezza di questa incantevole isola.<\/p>\n<p>Oggi Minorca \u00e8 un&#8217;oasi di pace dove il tempo sembra essersi fermato in mezzo al trambusto della vita moderna. Le sue affascinanti citt\u00e0 e villaggi emanano un senso di serenit\u00e0 e tranquillit\u00e0, dove sia la gente del posto che i visitatori godono di un ritmo di vita pi\u00f9 lento. Dai pittoreschi porti di Mah\u00f3n e Ciutadella alle aspre scogliere e alle calette sabbiose che costeggiano la costa, Minorca offre infinite opportunit\u00e0 di relax, esplorazione e ringiovanimento.<\/p>\n<p><span style=\"color: #0074ff;\"><strong>Storia<\/strong><\/span><\/p>\n<p>La storia di Minorca \u00e8 antica e leggendaria quanto i paesaggi aspri che definiscono la costa dell&#8217;isola. Dai suoi insediamenti preistorici talaiotici ai secoli di dominio moresco e britannico, Minorca \u00e8 stata plasmata da una vasta gamma di culture e civilt\u00e0. Esplora i suoi antichi monumenti megalitici, le fortificazioni storiche e gli affascinanti villaggi di pescatori e scopri le affascinanti storie che si nascondono sotto la superficie di questa affascinante isola.<\/p>\n<p><span style=\"color: #0074ff;\"><strong>Luoghi da visitare<\/strong><\/span><\/p>\n<p><strong>Mahon<\/strong><\/p>\n<p>Esplora l&#8217;affascinante capitale di Mahon, una pittoresca cittadina portuale rinomata per la sua bellezza naturale e la ricca storia marittima. Passeggia sul lungomare, ammira l&#8217;elegante architettura georgiana e visita la storica fortezza di La Mola, una delle pi\u00f9 grandi fortificazioni d&#8217;Europa.<\/p>\n<p><strong>Ciutadella<\/strong><\/p>\n<p>Scopri la storica citt\u00e0 di Ciutadella, un affascinante labirinto di stradine, antichi palazzi e piazze nascoste. Esplora la sua maestosa cattedrale, passeggia tra i vivaci mercati e passeggia lungo il pittoresco porto, dove le colorate barche da pesca ondeggiano dolcemente nella brezza.<\/p>\n<p><strong>Cala Macarella e Cala Macarelleta<\/strong><\/p>\n<p>Rilassati sulle spiagge incontaminate di Cala Macarella e Cala Macarelleta, due delle calette pi\u00f9 belle e appartate di Minorca. Con la loro soffice sabbia bianca, acque cristalline e rigogliose pinete, queste spiagge idilliache sono perfette per nuotare, fare snorkeling o semplicemente prendere il sole in pace e tranquillit\u00e0.<\/p>\n<p><span style=\"color: #0074ff;\"><strong>Gastronomia<\/strong><\/span><\/p>\n<p>A Minorca, ricette tradizionali tramandate di generazione in generazione. Concedetevi specialit\u00e0 locali come caldereta de langosta (stufato di aragosta), sobrasada (salsiccia piccante) e formatges (formaggi locali), accompagnati da un bicchiere di frizzante gin locale o da una rinfrescante pomada (gin e limonata). E non dimenticare di assaggiare i deliziosi frutti di mare dell&#8217;isola, dai gamberi e calamari alla griglia, alla paella ai frutti di mare e al risotto all&#8217;aragosta.<\/p>\n<p><span style=\"color: #0074ff;\"><strong>Cultura<\/strong><\/span><\/p>\n<p>Immergiti nel ricco patrimonio culturale di Minorca, dove lo spirito della tradizione e della comunit\u00e0 \u00e8 profondamente radicato in ogni aspetto della vita dell&#8217;isola. Esplora la sua vivace scena artistica, dalle gallerie contemporanee e i mercatini dell&#8217;artigianato alle tradizionali feste popolari e spettacoli musicali. E assicurati di sperimentare il ritmo e l&#8217;energia della musica e della danza tradizionali minorchine, dove melodie vivaci e ritmi contagiosi si uniscono in una celebrazione della vita e dell&#8217;identit\u00e0 dell&#8217;isola.<\/p>\n<p>A Minorca, ogni momento \u00e8 un&#8217;occasione per scoprire qualcosa di nuovo e straordinario, sia che tu stia esplorando i suoi monumenti storici, rilassandoti sulle sue bellissime spiagge o assaporando la sua deliziosa cucina. Allora vieni a vivere in prima persona la magia di Minorca, dove la bellezza del mondo naturale incontra il calore e l&#8217;ospitalit\u00e0 della sua gente, e ogni giorno \u00e8 una nuova avventura tutta da scoprire.<\/p>\n<\/div><\/div><\/div><\/div><\/div><\/p>\n","protected":false},"excerpt":{"rendered":"","protected":false},"author":6,"featured_media":0,"parent":3552,"menu_order":0,"comment_status":"closed","ping_status":"closed","template":"","meta":{"_themeisle_gutenberg_block_has_review":false,"footnotes":""},"class_list":["post-3568","page","type-page","status-publish","hentry"],"yoast_head":"<!-- This site is optimized with the Yoast SEO plugin v27.5 - https:\/\/yoast.com\/product\/yoast-seo-wordpress\/ -->\n<title>Menorca - Travelabspain<\/title>\n<meta name=\"robots\" content=\"index, follow, max-snippet:-1, max-image-preview:large, max-video-preview:-1\" \/>\n<link rel=\"canonical\" href=\"https:\/\/travelabspain.com\/it\/destinazioni\/isole-baleari\/menorca\/\" \/>\n<meta property=\"og:locale\" content=\"it_IT\" \/>\n<meta property=\"og:type\" content=\"article\" \/>\n<meta property=\"og:title\" content=\"Menorca - Travelabspain\" \/>\n<meta property=\"og:url\" content=\"https:\/\/travelabspain.com\/it\/destinazioni\/isole-baleari\/menorca\/\" \/>\n<meta property=\"og:site_name\" content=\"Travelabspain\" \/>\n<meta property=\"article:publisher\" content=\"https:\/\/www.facebook.com\/AlshotPhotography\/\" \/>\n<meta property=\"article:modified_time\" content=\"2024-11-12T11:07:14+00:00\" \/>\n<meta name=\"twitter:card\" content=\"summary_large_image\" \/>\n<script type=\"application\/ld+json\" class=\"yoast-schema-graph\">{\"@context\":\"https:\\\/\\\/schema.org\",\"@graph\":[{\"@type\":\"WebPage\",\"@id\":\"https:\\\/\\\/travelabspain.com\\\/it\\\/destinazioni\\\/isole-baleari\\\/menorca\\\/\",\"url\":\"https:\\\/\\\/travelabspain.com\\\/it\\\/destinazioni\\\/isole-baleari\\\/menorca\\\/\",\"name\":\"Menorca - Travelabspain\",\"isPartOf\":{\"@id\":\"https:\\\/\\\/travelabspain.com\\\/#website\"},\"datePublished\":\"2024-08-09T11:40:56+00:00\",\"dateModified\":\"2024-11-12T11:07:14+00:00\",\"breadcrumb\":{\"@id\":\"https:\\\/\\\/travelabspain.com\\\/it\\\/destinazioni\\\/isole-baleari\\\/menorca\\\/#breadcrumb\"},\"inLanguage\":\"it-IT\",\"potentialAction\":[{\"@type\":\"ReadAction\",\"target\":[\"https:\\\/\\\/travelabspain.com\\\/it\\\/destinazioni\\\/isole-baleari\\\/menorca\\\/\"]}]},{\"@type\":\"BreadcrumbList\",\"@id\":\"https:\\\/\\\/travelabspain.com\\\/it\\\/destinazioni\\\/isole-baleari\\\/menorca\\\/#breadcrumb\",\"itemListElement\":[{\"@type\":\"ListItem\",\"position\":1,\"name\":\"Home\",\"item\":\"https:\\\/\\\/travelabspain.com\\\/it\\\/\"},{\"@type\":\"ListItem\",\"position\":2,\"name\":\"Destinazioni\",\"item\":\"https:\\\/\\\/travelabspain.com\\\/it\\\/destinazioni\\\/\"},{\"@type\":\"ListItem\",\"position\":3,\"name\":\"Isole Baleari\",\"item\":\"https:\\\/\\\/travelabspain.com\\\/it\\\/destinazioni\\\/isole-baleari\\\/\"},{\"@type\":\"ListItem\",\"position\":4,\"name\":\"Menorca\"}]},{\"@type\":\"WebSite\",\"@id\":\"https:\\\/\\\/travelabspain.com\\\/#website\",\"url\":\"https:\\\/\\\/travelabspain.com\\\/\",\"name\":\"Travelabspain\",\"description\":\"\",\"publisher\":{\"@id\":\"https:\\\/\\\/travelabspain.com\\\/#organization\"},\"potentialAction\":[{\"@type\":\"SearchAction\",\"target\":{\"@type\":\"EntryPoint\",\"urlTemplate\":\"https:\\\/\\\/travelabspain.com\\\/?s={search_term_string}\"},\"query-input\":{\"@type\":\"PropertyValueSpecification\",\"valueRequired\":true,\"valueName\":\"search_term_string\"}}],\"inLanguage\":\"it-IT\"},{\"@type\":\"Organization\",\"@id\":\"https:\\\/\\\/travelabspain.com\\\/#organization\",\"name\":\"Travelabspain\",\"url\":\"https:\\\/\\\/travelabspain.com\\\/\",\"logo\":{\"@type\":\"ImageObject\",\"inLanguage\":\"it-IT\",\"@id\":\"https:\\\/\\\/travelabspain.com\\\/#\\\/schema\\\/logo\\\/image\\\/\",\"url\":\"\",\"contentUrl\":\"\",\"caption\":\"Travelabspain\"},\"image\":{\"@id\":\"https:\\\/\\\/travelabspain.com\\\/#\\\/schema\\\/logo\\\/image\\\/\"},\"sameAs\":[\"https:\\\/\\\/www.facebook.com\\\/AlshotPhotography\\\/\",\"https:\\\/\\\/www.instagram.com\\\/alshotphotography\\\/\"]}]}<\/script>\n<!-- \/ Yoast SEO plugin. -->","yoast_head_json":{"title":"Menorca - Travelabspain","robots":{"index":"index","follow":"follow","max-snippet":"max-snippet:-1","max-image-preview":"max-image-preview:large","max-video-preview":"max-video-preview:-1"},"canonical":"https:\/\/travelabspain.com\/it\/destinazioni\/isole-baleari\/menorca\/","og_locale":"it_IT","og_type":"article","og_title":"Menorca - Travelabspain","og_url":"https:\/\/travelabspain.com\/it\/destinazioni\/isole-baleari\/menorca\/","og_site_name":"Travelabspain","article_publisher":"https:\/\/www.facebook.com\/AlshotPhotography\/","article_modified_time":"2024-11-12T11:07:14+00:00","twitter_card":"summary_large_image","schema":{"@context":"https:\/\/schema.org","@graph":[{"@type":"WebPage","@id":"https:\/\/travelabspain.com\/it\/destinazioni\/isole-baleari\/menorca\/","url":"https:\/\/travelabspain.com\/it\/destinazioni\/isole-baleari\/menorca\/","name":"Menorca - Travelabspain","isPartOf":{"@id":"https:\/\/travelabspain.com\/#website"},"datePublished":"2024-08-09T11:40:56+00:00","dateModified":"2024-11-12T11:07:14+00:00","breadcrumb":{"@id":"https:\/\/travelabspain.com\/it\/destinazioni\/isole-baleari\/menorca\/#breadcrumb"},"inLanguage":"it-IT","potentialAction":[{"@type":"ReadAction","target":["https:\/\/travelabspain.com\/it\/destinazioni\/isole-baleari\/menorca\/"]}]},{"@type":"BreadcrumbList","@id":"https:\/\/travelabspain.com\/it\/destinazioni\/isole-baleari\/menorca\/#breadcrumb","itemListElement":[{"@type":"ListItem","position":1,"name":"Home","item":"https:\/\/travelabspain.com\/it\/"},{"@type":"ListItem","position":2,"name":"Destinazioni","item":"https:\/\/travelabspain.com\/it\/destinazioni\/"},{"@type":"ListItem","position":3,"name":"Isole Baleari","item":"https:\/\/travelabspain.com\/it\/destinazioni\/isole-baleari\/"},{"@type":"ListItem","position":4,"name":"Menorca"}]},{"@type":"WebSite","@id":"https:\/\/travelabspain.com\/#website","url":"https:\/\/travelabspain.com\/","name":"Travelabspain","description":"","publisher":{"@id":"https:\/\/travelabspain.com\/#organization"},"potentialAction":[{"@type":"SearchAction","target":{"@type":"EntryPoint","urlTemplate":"https:\/\/travelabspain.com\/?s={search_term_string}"},"query-input":{"@type":"PropertyValueSpecification","valueRequired":true,"valueName":"search_term_string"}}],"inLanguage":"it-IT"},{"@type":"Organization","@id":"https:\/\/travelabspain.com\/#organization","name":"Travelabspain","url":"https:\/\/travelabspain.com\/","logo":{"@type":"ImageObject","inLanguage":"it-IT","@id":"https:\/\/travelabspain.com\/#\/schema\/logo\/image\/","url":"","contentUrl":"","caption":"Travelabspain"},"image":{"@id":"https:\/\/travelabspain.com\/#\/schema\/logo\/image\/"},"sameAs":["https:\/\/www.facebook.com\/AlshotPhotography\/","https:\/\/www.instagram.com\/alshotphotography\/"]}]}},"_links":{"self":[{"href":"https:\/\/travelabspain.com\/it\/wp-json\/wp\/v2\/pages\/3568","targetHints":{"allow":["GET"]}}],"collection":[{"href":"https:\/\/travelabspain.com\/it\/wp-json\/wp\/v2\/pages"}],"about":[{"href":"https:\/\/travelabspain.com\/it\/wp-json\/wp\/v2\/types\/page"}],"author":[{"embeddable":true,"href":"https:\/\/travelabspain.com\/it\/wp-json\/wp\/v2\/users\/6"}],"replies":[{"embeddable":true,"href":"https:\/\/travelabspain.com\/it\/wp-json\/wp\/v2\/comments?post=3568"}],"version-history":[{"count":1,"href":"https:\/\/travelabspain.com\/it\/wp-json\/wp\/v2\/pages\/3568\/revisions"}],"predecessor-version":[{"id":3569,"href":"https:\/\/travelabspain.com\/it\/wp-json\/wp\/v2\/pages\/3568\/revisions\/3569"}],"up":[{"embeddable":true,"href":"https:\/\/travelabspain.com\/it\/wp-json\/wp\/v2\/pages\/3552"}],"wp:attachment":[{"href":"https:\/\/travelabspain.com\/it\/wp-json\/wp\/v2\/media?parent=3568"}],"curies":[{"name":"wp","href":"https:\/\/api.w.org\/{rel}","templated":true}]}}